{"id":6357,"date":"2024-08-02T11:45:55","date_gmt":"2024-08-02T11:45:55","guid":{"rendered":"https:\/\/monserratalmazan.com\/cookie-%e6%94%bf%e7%ad%96\/"},"modified":"2024-08-19T08:08:23","modified_gmt":"2024-08-19T08:08:23","slug":"cookie-%e6%94%bf%e7%ad%96","status":"publish","type":"page","link":"https:\/\/monserratalmazan.com\/zh-hans\/cookie-%e6%94%bf%e7%ad%96\/","title":{"rendered":"Cookie \u653f\u7b56"},"content":{"rendered":"\n<p class=\"has-large-font-size\">Cookie \u653f\u7b56<\/p>\n\n<p>\u8499\u585e\u62c9\u7279\u963f\u723e\u99ac\u8d0a S.L.\u5728\u5176\u7db2\u7ad9\u4e0a\u544a\u77e5\u6709\u95dc cookie \u7684\u4f7f\u7528\uff1a<a href=\"http:\/\/www.monserratlamazan.com\">www.monserratlamazan.com<\/a><\/p>\n\n<p class=\"has-small-font-size\">\u4ec0\u9ebc\u662fcookie\uff1f&#13;\nCookie \u662f\u53ef\u4ee5\u900f\u904e\u7db2\u9801\u4e0b\u8f09\u5230\u60a8\u7684\u96fb\u8166\u7684\u6a94\u6848\u3002\u5b83\u5011\u662f\u5728\u8cc7\u8a0a\u793e\u6703\u63d0\u4f9b\u773e\u591a\u670d\u52d9\u65b9\u9762\u767c\u63ee\u91cd\u8981\u4f5c\u7528\u7684\u5de5\u5177\u3002\u9664\u6b64\u4e4b\u5916\uff0c\u5b83\u5011\u5141\u8a31\u7db2\u9801\u5132\u5b58\u548c\u6aa2\u7d22\u6709\u95dc\u4f7f\u7528\u8005\u6216\u5176\u5718\u968a\u7684\u700f\u89bd\u7fd2\u6163\u7684\u4fe1\u606f\uff0c\u4e26\u4e14\u6839\u64da\u6240\u7372\u5f97\u7684\u4fe1\u606f\uff0c\u5b83\u5011\u53ef\u7528\u65bc\u8b58\u5225\u4f7f\u7528\u8005\u4e26\u6539\u9032\u6240\u63d0\u4f9b\u7684\u670d\u52d9\u3002<\/p>\n\n<p>Cookie \u7684\u985e\u578b<\/p>\n\n<p>\u6839\u64da\u7ba1\u7406\u767c\u9001 cookie \u7684\u7db2\u57df\u4e26\u8655\u7406\u6240\u53d6\u5f97\u8cc7\u6599\u7684\u5be6\u9ad4\uff0c\u53ef\u4ee5\u5340\u5206\u5169\u7a2e\u985e\u578b\uff1a<\/p>\n\n<ul class=\"wp-block-list\">\n<li>\u81ea\u6709cookie\uff1a\u5f9e\u767c\u5e03\u8005\u81ea\u5df1\u7ba1\u7406\u7684\u96fb\u8166\u6216\u7db2\u57df\u767c\u9001\u5230\u4f7f\u7528\u8005\u7d42\u7aef\u8a2d\u5099\u4e26\u63d0\u4f9b\u4f7f\u7528\u8005\u8981\u6c42\u7684\u670d\u52d9\u7684cookie\u3002<\/li>\n\n\n\n<li>\u7b2c\u4e09\u65b9cookie\uff1a\u5f9e\u4e0d\u7531\u767c\u5e03\u8005\u7ba1\u7406\u7684\u96fb\u8166\u6216\u7db2\u57df\u767c\u9001\u5230\u4f7f\u7528\u8005\u7d42\u7aef\u8a2d\u5099\u7684cookie\uff0c\u800c\u662f\u7531\u8655\u7406\u900f\u904ecookie\u7372\u5f97\u7684\u8cc7\u6599\u7684\u53e6\u4e00\u500b\u5be6\u9ad4\u767c\u9001\u7684<\/li>\n<\/ul>\n\n<p>\u5982\u679ccookies\u662f\u5f9e\u767c\u5e03\u8005\u81ea\u5df1\u7ba1\u7406\u7684\u96fb\u8166\u6216\u7db2\u57df\u5b89\u88dd\u7684\uff0c\u4f46\u900f\u904e\u5b83\u5011\u6536\u96c6\u7684\u8cc7\u8a0a\u662f\u7531\u7b2c\u4e09\u65b9\u7ba1\u7406\u7684\uff0c\u5247\u5b83\u5011\u4e0d\u80fd\u88ab\u8996\u70ba\u81ea\u5df1\u7684cookies\u3002<\/p>\n\n<p>\u6839\u64da\u5b83\u5011\u5728\u5ba2\u6236\u7aef\u700f\u89bd\u5668\u4e2d\u4fdd\u7559\u5132\u5b58\u7684\u6642\u9593\u9577\u5ea6\u9084\u6709\u7b2c\u4e8c\u7a2e\u5206\u985e\uff0c\u53ef\u4ee5\u662f\uff1a<\/p>\n\n<ul class=\"wp-block-list\">\n<li>\u6703\u8a71cookie\uff1a\u65e8\u5728\u5728\u4f7f\u7528\u8005\u9020\u8a2a\u7db2\u9801\u6642\u6536\u96c6\u548c\u5132\u5b58\u8cc7\u6599\u3002\u5b83\u5011\u901a\u5e38\u7528\u65bc\u5132\u5b58\u50c5\u5728\u63d0\u4f9b\u4f7f\u7528\u8005\u55ae\u6b21\u8acb\u6c42\u7684\u670d\u52d9\u6642\u624d\u9700\u8981\u4fdd\u7559\u7684\u8cc7\u8a0a\uff08\u4f8b\u5982\u8cfc\u8cb7\u7684\u7522\u54c1\u6e05\u55ae\uff09\u3002<\/li>\n\n\n\n<li>\u6301\u4e45\u6027cookie\uff1a\u8cc7\u6599\u4ecd\u7136\u5132\u5b58\u5728\u7d42\u7aef\u4e2d\uff0c\u4e26\u4e14\u53ef\u4ee5\u5728\u8ca0\u8caccookie\u7684\u4eba\u5b9a\u7fa9\u7684\u671f\u9650\u5167\u5b58\u53d6\u548c\u8655\u7406\uff0c\u8a72\u671f\u9650\u53ef\u4ee5\u5f9e\u5e7e\u5206\u9418\u5230\u5e7e\u5e74\u4e0d\u7b49\u3002<\/li>\n<\/ul>\n\n<p>\u6700\u5f8c\uff0c\u6839\u64da\u8655\u7406\u6240\u7372\u5f97\u7684\u8cc7\u6599\u7684\u76ee\u7684\uff0c\u9084\u6709\u53e6\u4e00\u7a2e\u5206\u985e\uff0c\u6709\u516d\u7a2e\u985e\u578b\u7684cookie\uff1a<\/p>\n\n<ul class=\"wp-block-list\">\n<li>\u6280\u8853cookie\uff1a\u5141\u8a31\u4f7f\u7528\u8005\u700f\u89bd\u7db2\u9801\u3001\u5e73\u53f0\u6216\u61c9\u7528\u7a0b\u5f0f\u4e26\u4f7f\u7528\u5176\u4e2d\u5b58\u5728\u7684\u4e0d\u540c\u9078\u9805\u6216\u670d\u52d9\u7684cookie\uff0c\u4f8b\u5982\u63a7\u5236\u6d41\u91cf\u548c\u8cc7\u6599\u901a\u8a0a\u3001\u8b58\u5225\u6703\u8a71\u3001\u5b58\u53d6\u53d7\u9650\u5b58\u53d6\u90e8\u5206\uff0c\u8a18\u4f4f\u7d44\u6210\u8a02\u55ae\u7684\u5143\u7d20\uff0c\u57f7\u884c\u8a02\u55ae\u7684\u8cfc\u8cb7\u904e\u7a0b\uff0c\u57f7\u884c\u8a3b\u518a\u8acb\u6c42\u6216\u53c3\u8207\u6d3b\u52d5\uff0c\u5728\u700f\u89bd\u671f\u9593\u4f7f\u7528\u5b89\u5168\u5143\u7d20\uff0c\u5132\u5b58\u5f71\u7247\u6216\u8072\u97f3\u5ee3\u64ad\u7684\u5167\u5bb9\u6216\u900f\u904e\u793e\u7fa4\u7db2\u8def\u5206\u4eab\u5167\u5bb9\u3002<\/li>\n\n\n\n<li>\u500b\u4eba\u5316 cookie\uff1a\u5b83\u5011\u5141\u8a31\u4f7f\u7528\u8005\u6839\u64da\u4f7f\u7528\u8005\u7d42\u7aef\u4e0a\u7684\u4e00\u7cfb\u5217\u6a19\u6e96\u4f86\u5b58\u53d6\u5177\u6709\u4e00\u4e9b\u9810\u5148\u5b9a\u7fa9\u4e00\u822c\u7279\u5fb5\u7684\u670d\u52d9\uff0c\u4f8b\u5982\u8a9e\u8a00\u3001\u5b58\u53d6\u670d\u52d9\u7684\u700f\u89bd\u5668\u985e\u578b\u3001\u5b58\u53d6\u670d\u52d9\u7684\u5340\u57df\u8a2d\u5b9a\u3001 ETC\u3002<\/li>\n\n\n\n<li>\u5206\u6790cookie\uff1a\u5b83\u5011\u5141\u8a31\u8ca0\u8cac\u9019\u4e9bcookie\u7684\u4eba\u54e1\u76e3\u63a7\u548c\u5206\u6790\u5176\u6240\u9023\u7d50\u7db2\u7ad9\u7684\u4f7f\u7528\u8005\u7684\u884c\u70ba\u3002\u900f\u904e\u6b64\u985ecookie \u6536\u96c6\u7684\u8cc7\u8a0a\u7528\u65bc\u8861\u91cf\u7db2\u7ad9\u3001\u61c9\u7528\u7a0b\u5f0f\u6216\u5e73\u53f0\u7684\u6d3b\u52d5\uff0c\u4e26\u5275\u5efa\u9019\u4e9b\u7db2\u7ad9\u3001\u61c9\u7528\u7a0b\u5f0f\u548c\u5e73\u53f0\u7684\u4f7f\u7528\u8005\u7684\u700f\u89bd\u914d\u7f6e\u6587\u4ef6\uff0c\u76ee\u7684\u662f\u300c\u6839\u64da\u5c0d\u7db2\u7ad9\u3001\u61c9\u7528\u7a0b\u5f0f\u6216\u5e73\u53f0\u7684\u5206\u6790\u9032\u884c\u6539\u9032\u300d\u3002\u670d\u52d9\u4f7f\u7528\u8005\u88fd\u4f5c\u7684\u4f7f\u7528\u8cc7\u6599\u3002<\/li>\n\n\n\n<li>\u5ee3\u544a cookie\uff1a\u5b83\u5011\u5141\u8a31\u4ee5\u76e1\u53ef\u80fd\u6700\u6709\u6548\u7684\u65b9\u5f0f\u7ba1\u7406\u5ee3\u544a\u7a7a\u9593\u3002<\/li>\n\n\n\n<li>\u884c\u70ba\u5ee3\u544acookie\uff1a\u5b83\u5011\u5132\u5b58\u900f\u904e\u6301\u7e8c\u89c0\u5bdf\u4f7f\u7528\u8005\u7684\u700f\u89bd\u7fd2\u6163\u800c\u7372\u5f97\u7684\u4f7f\u7528\u8005\u884c\u70ba\u8a0a\u606f\uff0c\u5f9e\u800c\u5141\u8a31\u958b\u767c\u7279\u5b9a\u7684\u500b\u4eba\u8cc7\u6599\u4ee5\u57fa\u65bc\u6b64\u986f\u793a\u5ee3\u544a\u3002<\/li>\n\n\n\n<li>\u4f86\u81ea\u5916\u90e8\u793e\u4ea4\u7db2\u8def\u7684 Cookie\uff1a\u4f7f\u7528\u5b83\u5011\u7684\u76ee\u7684\u662f\u8b93\u8a2a\u5ba2\u53ef\u4ee5\u8207\u4e0d\u540c\u793e\u4ea4\u5e73\u53f0\uff08facebook\u3001youtube\u3001twitter\u3001linkedIn \u7b49\uff09\u7684\u5167\u5bb9\u9032\u884c\u4ea4\u4e92\uff0c\u4e26\u4e14\u5c08\u9580\u70ba\u9019\u4e9b\u793e\u4ea4\u7db2\u8def\u7684\u7528\u6236\u751f\u6210\u3002\u9019\u4e9bcookies\u7684\u4f7f\u7528\u689d\u4ef6\u548c\u6536\u96c6\u7684\u8cc7\u8a0a\u53d7\u76f8\u61c9\u793e\u4ea4\u5e73\u53f0\u7684\u96b1\u79c1\u6b0a\u653f\u7b56\u7ba1\u8f44\u3002<\/li>\n<\/ul>\n\n<p><strong>\u505c\u7528\u548c\u522a\u9664 cookie<\/strong>&#13;\n\u60a8\u53ef\u4ee5\u900f\u904e\u8a2d\u5b9a\u96fb\u8166\u4e0a\u5b89\u88dd\u7684\u700f\u89bd\u5668\u7684\u9078\u9805\u4f86\u5141\u8a31\u3001\u5c01\u9396\u6216\u522a\u9664\u96fb\u8166\u4e0a\u5b89\u88dd\u7684 cookie\u3002\u505c\u7528 cookie \u5f8c\uff0c\u67d0\u4e9b\u53ef\u7528\u670d\u52d9\u53ef\u80fd\u7121\u6cd5\u518d\u904b\u4f5c\u3002\u505c\u7528 cookie \u7684\u65b9\u6cd5\u56e0\u700f\u89bd\u5668\u800c\u7570\uff0c\u4f46\u901a\u5e38\u53ef\u4ee5\u900f\u904e\u300c\u5de5\u5177\u300d\u6216\u300c\u9078\u9805\u300d\u529f\u80fd\u8868\u5b8c\u6210\u3002\u60a8\u4e5f\u53ef\u4ee5\u67e5\u95b1\u700f\u89bd\u5668\u7684\u300c\u5e6b\u52a9\u300d\u9078\u55ae\uff0c\u5176\u4e2d\u53ef\u4ee5\u627e\u5230\u8aaa\u660e\u3002\u4f7f\u7528\u8005\u53ef\u4ee5\u96a8\u6642\u9078\u64c7\u4ed6\u5011\u60f3\u8981\u5728\u672c\u7db2\u7ad9\u4e0a\u4f7f\u7528\u7684 cookie\u3002&#13;\n\u60a8\u53ef\u4ee5\u900f\u904e\u8a2d\u5b9a\u96fb\u8166\u4e0a\u5b89\u88dd\u7684\u700f\u89bd\u5668\u7684\u9078\u9805\u4f86\u5141\u8a31\u3001\u5c01\u9396\u6216\u522a\u9664\u96fb\u8166\u4e0a\u5b89\u88dd\u7684 cookie\uff1a<\/p>\n\n<ul class=\"wp-block-list\">\n<li>Microsoft Internet Explorer \u6216 Microsoft Edge\uff1ahttp:\/\/windows.microsoft.com\/es-es\/windows-vista\/Block-or-allow-cookies<\/li>\n\n\n\n<li>Mozilla \u706b\u72d0\u700f\u89bd\u5668\uff1ahttp:\/\/support.mozilla.org\/es\/kb\/impedir-que-los-sitios-web-guarden-sus-preferencia<\/li>\n\n\n\n<li>Chrome: <a href=\"https:\/\/support.google.com\/accounts\/answer\/61416?hl=es\">https:\/\/support.google.com\/accounts\/answer\/61416?hl=es<\/a><\/li>\n\n\n\n<li>Safari: <a href=\"http:\/\/safari.helpmax.net\/es\/privacidad-y-seguridad\/como-gestionar-las-cookies\/\">http:\/\/safari.helpmax.net\/es\/privacidad-y-seguridad\/como-gestionar-las-cookies\/<\/a><\/li>\n\n\n\n<li>Opera: <a href=\"http:\/\/help.opera.com\/Linux\/10.60\/es-ES\/cookies.html\">http:\/\/help.opera.com\/Linux\/10.60\/es-ES\/cookies.html<\/a><\/li>\n<\/ul>\n\n<p>\u6b64\u5916\uff0c\u60a8\u9084\u53ef\u4ee5\u900f\u904e\u4e0b\u5217\u5de5\u5177\u7ba1\u7406\u700f\u89bd\u5668\u4e2d\u7684 cookie \u5132\u5b58\u7a7a\u9593\uff1a<\/p>\n\n<ul class=\"wp-block-list\">\n<li>Ghostery:<a href=\"http:\/\/www.ghostery.com\"> www.ghostery.com<\/a><\/li>\n\n\n\n<li>Your Online Choices:<a href=\"http:\/\/www.youronlinechoices.com\/es\/\">http:\/\/www.youronlinechoices.com\/es\/<\/a><\/li>\n<\/ul>\n\n<p>www.monserratalmazan.com \u4e0a\u4f7f\u7528\u7684 Cookie&#13;\n\u672c\u5165\u53e3\u7db2\u7ad9\u4e0a\u4f7f\u7528\u7684 cookie \u53ca\u5176\u985e\u578b\u548c\u529f\u80fd\u5982\u4e0b\u6240\u793a\uff1a<\/p>\n\n<ul class=\"wp-block-list\">\n<li>_ga\n<ul class=\"wp-block-list\">\n<li>\u6301\u7e8c\u6642\u9593\uff1a2\u5e74<\/li>\n\n\n\n<li>\u63cf\u8ff0\uff1a\u7528\u65bc\u5340\u5206\u4f7f\u7528\u8005\u3002\u7531Google\u5206\u6790\u7522\u751f\u3002 Google \u5c07 cookie \u6536\u96c6\u7684\u8cc7\u8a0a\u5132\u5b58\u5728\u4f4d\u65bc\u7f8e\u570b\u7684\u4f3a\u670d\u5668\u4e0a\uff0c\u9075\u5b88\u6b50\u6d32\u6709\u95dc\u500b\u4eba\u8cc7\u6599\u4fdd\u8b77\u7684\u7acb\u6cd5\uff0c\u4e26\u627f\u8afe\u4e0d\u6703\u8207\u7b2c\u4e09\u65b9\u5171\u4eab\u9019\u4e9b\u4fe1\u606f\uff0c\u9664\u975e\u6cd5\u5f8b\u8981\u6c42\u6216\u7cfb\u7d71\u904b\u4f5c\u6240\u5fc5\u9700\u3002 Google \u4e0d\u6703\u5c07\u60a8\u7684 IP \u4f4d\u5740\u8207\u5176\u64c1\u6709\u7684\u4efb\u4f55\u5176\u4ed6\u8cc7\u8a0a\u95dc\u806f\u8d77\u4f86\u3002\u5982\u679c\u60a8\u5e0c\u671b\u7372\u5f97\u6709\u95dc Google Analytics \u4f7f\u7528\u7684 cookie \u7684\u66f4\u591a\u4fe1\u606f\uff0c\u8acb\u8a2a\u554f\u4ee5\u4e0b\u5730\u5740\uff1ahttps:\/\/developers.google.com\/analytics\/devguides\/collection\/analyticsjs\/cookie-usage?hl=es&amp;csw=1<\/li>\n\n\n\n<li>\u985e\u578b\uff1a\u7b2c\u4e09<\/li>\n\n\n\n<li>\u76ee\u7684\uff1a\u5206\u6790<\/li>\n<\/ul>\n<\/li>\n\n\n\n<li>_gid\n<ul class=\"wp-block-list\">\n<li>\u6301\u7e8c\u6642\u9593\uff1a24\u5c0f\u6642<\/li>\n\n\n\n<li>\u63cf\u8ff0\uff1a\u7531 Google Analytics \u7522\u751f\u3002 Google \u5c07 cookie \u6536\u96c6\u7684\u8cc7\u8a0a\u5132\u5b58\u5728\u4f4d\u65bc\u7f8e\u570b\u7684\u4f3a\u670d\u5668\u4e0a\uff0c\u9075\u5b88\u6b50\u6d32\u6709\u95dc\u500b\u4eba\u8cc7\u6599\u4fdd\u8b77\u7684\u7acb\u6cd5\uff0c\u4e26\u627f\u8afe\u4e0d\u6703\u8207\u7b2c\u4e09\u65b9\u5171\u4eab\u9019\u4e9b\u4fe1\u606f\uff0c\u9664\u975e\u6cd5\u5f8b\u8981\u6c42\u6216\u7cfb\u7d71\u904b\u4f5c\u6240\u5fc5\u9700\u3002 Google \u4e0d\u6703\u5c07\u60a8\u7684 IP \u4f4d\u5740\u8207\u5176\u64c1\u6709\u7684\u4efb\u4f55\u5176\u4ed6\u8cc7\u8a0a\u95dc\u806f\u8d77\u4f86\u3002\u5982\u679c\u60a8\u5e0c\u671b\u7372\u5f97\u6709\u95dc Google Analytics \u4f7f\u7528\u7684 cookie \u7684\u66f4\u591a\u4fe1\u606f\uff0c\u8acb\u8a2a\u554f\u4ee5\u4e0b\u5730\u5740\uff1ahttps:\/\/developers.google.com\/analytics\/devguides\/collection\/analyticsjs\/cookie-usage?hl=es&amp;csw<\/li>\n\n\n\n<li>\u985e\u578b\uff1a\u7b2c\u4e09<\/li>\n\n\n\n<li>\u76ee\u7684\uff1a\u5206\u6790<\/li>\n<\/ul>\n<\/li>\n\n\n\n<li>_gat\n<ul class=\"wp-block-list\">\n<li>\u6301\u7e8c\u6642\u9593\uff1a1 \u5206\u9418<\/li>\n\n\n\n<li>\u63cf\u8ff0\u7528\u65bc\u5728 Google \u7db2\u8def\u7684\u5176\u4ed6\u9801\u9762\u4e0a\u986f\u793a\u6211\u5011\u7684\u5ee3\u544a\u3002\u7531Google\u5206\u6790\u7522\u751f\u3002 Google \u5c07 cookie \u6536\u96c6\u7684\u8cc7\u8a0a\u5132\u5b58\u5728\u4f4d\u65bc\u7f8e\u570b\u7684\u4f3a\u670d\u5668\u4e0a\uff0c\u9075\u5b88\u6b50\u6d32\u6709\u95dc\u500b\u4eba\u8cc7\u6599\u4fdd\u8b77\u7684\u7acb\u6cd5\uff0c\u4e26\u627f\u8afe\u4e0d\u6703\u8207\u7b2c\u4e09\u65b9\u5171\u4eab\u9019\u4e9b\u4fe1\u606f\uff0c\u9664\u975e\u6cd5\u5f8b\u8981\u6c42\u6216\u7cfb\u7d71\u904b\u4f5c\u6240\u5fc5\u9700\u3002 Google \u4e0d\u6703\u5c07\u60a8\u7684 IP \u4f4d\u5740\u8207\u5176\u64c1\u6709\u7684\u4efb\u4f55\u5176\u4ed6\u8cc7\u8a0a\u95dc\u806f\u8d77\u4f86\u3002\u5982\u679c\u60a8\u5e0c\u671b\u7372\u5f97\u6709\u95dc Google Analytics \u4f7f\u7528\u7684 cookie \u7684\u66f4\u591a\u4fe1\u606f\uff0c\u8acb\u8a2a\u554f\u4ee5\u4e0b\u5730\u5740\uff1ahttps:\/\/developers.google.com\/analytics\/devguides\/collection\/analyticsjs\/cookie-usage?hl=es&amp;csw=1<\/li>\n\n\n\n<li>\u985e\u578b\uff1a\u7b2c\u4e09<\/li>\n\n\n\n<li>\u76ee\u7684\uff1a\u5206\u6790<\/li>\n<\/ul>\n<\/li>\n\n\n\n<li>ar_\u8abf\u8a66\n<ul class=\"wp-block-list\">\n<li>\u6301\u7e8c\u6642\u9593\uff1a3\u500b\u6708<\/li>\n\n\n\n<li>\u63cf\u8ff0\uff1a\u4f7f\u7528\u7db2\u7ad9\u9078\u9805\u548c\u670d\u52d9\u6240\u9700\u7684 Cookie<\/li>\n\n\n\n<li>\u985e\u578b\uff1a\u7b2c\u4e09<\/li>\n\n\n\n<li>\u76ee\u7684\uff1a\u6280\u8853<\/li>\n<\/ul>\n<\/li>\n<\/ul>\n\n<p>\u6bcf\u6b21\u767b\u5165\u6642\uff0chttp:\/\/www.monserratalmazan.com\/ \u90fd\u6703\u5728\u5165\u53e3\u7db2\u7ad9\u4e0a\u4efb\u4f55\u9801\u9762\u7684\u5e95\u90e8\u6216\u9802\u90e8\u986f\u793a\u6709\u95dc\u5176 Cookie \u653f\u7b56\u7684\u8cc7\u8a0a\u3002<\/p>\n\n<p>\u6839\u64da\u6b64\u4fe1\u606f\uff0c\u53ef\u4ee5\u57f7\u884c\u4ee5\u4e0b\u64cd\u4f5c\uff1a<\/p>\n\n<ul class=\"wp-block-list\">\n<li>Acceptar cookies: No es tornar\u00e0 a visualitzar aquest av\u00eds en accedir a qualsevol p\u00e0gina del portal durant la present sessi\u00f3.<\/li>\n\n\n\n<li>\u4fee\u6539\/\u81ea\u8a02\u60a8\u7684\u8a2d\u5b9a\uff1a\u60a8\u53ef\u4ee5\u7372\u5f97\u6709\u95dc cookie \u7684\u66f4\u591a\u4fe1\u606f\uff0c\u4e86\u89e3 www.monserratalmazan.com \u7684 Cookie \u653f\u7b56\u4e26\u4fee\u6539\u60a8\u7684\u700f\u89bd\u5668\u8a2d\u5b9a\u3002<\/li>\n<\/ul>\n","protected":false},"excerpt":{"rendered":"<p>Cookie \u653f\u7b56 \u8499\u585e\u62c9\u7279\u963f\u723e\u99ac\u8d0a S.L.\u5728\u5176\u7db2\u7ad9\u4e0a\u544a\u77e5\u6709\u95dc cookie \u7684\u4f7f\u7528\uff1awww.monserr [&hellip;]<\/p>\n","protected":false},"author":1,"featured_media":0,"parent":0,"menu_order":0,"comment_status":"closed","ping_status":"closed","template":"","meta":{"footnotes":""},"class_list":["post-6357","page","type-page","status-publish","hentry"],"_links":{"self":[{"href":"https:\/\/monserratalmazan.com\/zh-hans\/wp-json\/wp\/v2\/pages\/6357","targetHints":{"allow":["GET"]}}],"collection":[{"href":"https:\/\/monserratalmazan.com\/zh-hans\/wp-json\/wp\/v2\/pages"}],"about":[{"href":"https:\/\/monserratalmazan.com\/zh-hans\/wp-json\/wp\/v2\/types\/page"}],"author":[{"embeddable":true,"href":"https:\/\/monserratalmazan.com\/zh-hans\/wp-json\/wp\/v2\/users\/1"}],"replies":[{"embeddable":true,"href":"https:\/\/monserratalmazan.com\/zh-hans\/wp-json\/wp\/v2\/comments?post=6357"}],"version-history":[{"count":2,"href":"https:\/\/monserratalmazan.com\/zh-hans\/wp-json\/wp\/v2\/pages\/6357\/revisions"}],"predecessor-version":[{"id":6369,"href":"https:\/\/monserratalmazan.com\/zh-hans\/wp-json\/wp\/v2\/pages\/6357\/revisions\/6369"}],"wp:attachment":[{"href":"https:\/\/monserratalmazan.com\/zh-hans\/wp-json\/wp\/v2\/media?parent=6357"}],"curies":[{"name":"wp","href":"https:\/\/api.w.org\/{rel}","templated":true}]}}