{"id":7535,"date":"2025-08-22T09:28:06","date_gmt":"2025-08-22T09:28:06","guid":{"rendered":"https:\/\/monserratalmazan.com\/sostenibilidad\/"},"modified":"2025-08-22T10:38:11","modified_gmt":"2025-08-22T10:38:11","slug":"sostenibilidad","status":"publish","type":"page","link":"https:\/\/monserratalmazan.com\/es\/sostenibilidad\/","title":{"rendered":"Sostenibilidad"},"content":{"rendered":"\t\t<div data-elementor-type=\"wp-post\" data-elementor-id=\"7535\" class=\"elementor elementor-7535 elementor-6731\" data-elementor-post-type=\"page\">\n\t\t\t\t<div class=\"elementor-element elementor-element-164fc17 e-con-full e-flex e-con e-parent\" data-id=\"164fc17\" data-element_type=\"container\" data-e-type=\"container\" data-settings=\"{&quot;background_background&quot;:&quot;classic&quot;}\">\n\t\t\t\t<div class=\"elementor-element elementor-element-5557426 elementor-widget elementor-widget-heading\" data-id=\"5557426\" data-element_type=\"widget\" data-e-type=\"widget\" data-widget_type=\"heading.default\">\n\t\t\t\t\t<h1 class=\"elementor-heading-title elementor-size-default\">Sostenibilidad<\/h1>\t\t\t\t<\/div>\n\t\t\t\t<div class=\"elementor-element elementor-element-3cfc53b elementor-widget elementor-widget-text-editor\" data-id=\"3cfc53b\" data-element_type=\"widget\" data-e-type=\"widget\" data-widget_type=\"text-editor.default\">\n\t\t\t\t\t\t\t\t\t<p>En Monserrat Almazan S.L. entendemos la sostenibilidad como un compromiso transversal que afecta a todas las \u00e1reas de la empresa. Nuestra visi\u00f3n es clara: crecer de forma responsable, reduciendo el impacto ambiental de nuestra actividad y dejando una impronta positiva en nuestro entorno. Trabajamos desde la proximidad, con responsabilidad y transparencia, fiel a la esencia de una empresa familiar que piensa en el futuro.<\/p>\n\t\t\t\t\t\t\t\t<\/div>\n\t\t\t\t<\/div>\n\t\t<div class=\"elementor-element elementor-element-81301e3 e-con-full e-flex e-con e-parent\" data-id=\"81301e3\" data-element_type=\"container\" data-e-type=\"container\" data-settings=\"{&quot;background_background&quot;:&quot;classic&quot;}\">\n\t\t\t\t<div class=\"elementor-element elementor-element-8f87ba2 elementor-widget-mobile__width-inherit elementor--h-position-center elementor--v-position-middle elementor-arrows-position-inside elementor-pagination-position-inside elementor-widget elementor-widget-slides\" data-id=\"8f87ba2\" data-element_type=\"widget\" data-e-type=\"widget\" data-settings=\"{&quot;navigation&quot;:&quot;both&quot;,&quot;autoplay&quot;:&quot;yes&quot;,&quot;pause_on_hover&quot;:&quot;yes&quot;,&quot;pause_on_interaction&quot;:&quot;yes&quot;,&quot;autoplay_speed&quot;:5000,&quot;infinite&quot;:&quot;yes&quot;,&quot;transition&quot;:&quot;slide&quot;,&quot;transition_speed&quot;:500}\" data-widget_type=\"slides.default\">\n\t\t\t\t\t\t\t\t\t\t<div class=\"elementor-slides-wrapper elementor-main-swiper swiper\" role=\"region\" aria-roledescription=\"carousel\" aria-label=\"Slides\" dir=\"ltr\" data-animation=\"fadeInRight\">\n\t\t\t\t<div class=\"swiper-wrapper elementor-slides\">\n\t\t\t\t\t\t\t\t\t\t<div class=\"elementor-repeater-item-72480e1 swiper-slide\" role=\"group\" aria-roledescription=\"slide\"><div class=\"swiper-slide-bg\" role=\"img\" aria-label=\"pexels-umkreisel-app-957024\"><\/div><div class=\"elementor-background-overlay\"><\/div><div class=\"swiper-slide-inner\" ><div class=\"swiper-slide-contents\"><div class=\"elementor-slide-heading\">Compromiso con la sostenibilidad<\/div><div class=\"elementor-slide-description\"><p>En Monserrat Almazan S.L. trabajamos todos los d\u00edas para minimizar nuestro impacto ambiental. Somos una empresa familiar con una pol\u00edtica ambiental propia que revisamos y actualizamos de forma constante, con el objetivo de construir un futuro m\u00e1s sostenible.<\/p>\n<\/div><\/div><\/div><\/div><div class=\"elementor-repeater-item-88f9b8e swiper-slide\" role=\"group\" aria-roledescription=\"slide\"><div class=\"swiper-slide-bg\" role=\"img\" aria-label=\"pexels-fauxels-3184292\"><\/div><div class=\"elementor-background-overlay\"><\/div><div class=\"swiper-slide-inner\" ><div class=\"swiper-slide-contents\"><div class=\"elementor-slide-heading\">Gesti\u00f3n ambiental responsable<\/div><div class=\"elementor-slide-description\"><p>La sostenibilidad est\u00e1 presente en todas nuestras decisiones. Incluimos criterios ambientales desde la planificaci\u00f3n de nuevos proyectos a la gesti\u00f3n diaria, asegurando que el crecimiento de la empresa sea respetuoso con el planeta.<\/p>\n<\/div><\/div><\/div><\/div><div class=\"elementor-repeater-item-3245bd9 swiper-slide\" role=\"group\" aria-roledescription=\"slide\"><div class=\"swiper-slide-bg\" role=\"img\" aria-label=\"pexels-pixabay-356049\"><\/div><div class=\"elementor-background-overlay\"><\/div><div class=\"swiper-slide-inner\" ><div class=\"swiper-slide-contents\"><div class=\"elementor-slide-heading\">Eficiencia energ\u00e9tica<\/div><div class=\"elementor-slide-description\"><p>Reducimos el consumo energ\u00e9tico mediante el uso de energ\u00eda renovable, certificada y monitorizada. Evaluamos trimestralmente nuestra eficiencia y aplicamos planes de mejora continua para hacer un uso m\u00e1s responsable de los recursos.<\/p>\n<\/div><\/div><\/div><\/div><div class=\"elementor-repeater-item-9f39aed swiper-slide\" role=\"group\" aria-roledescription=\"slide\"><div class=\"swiper-slide-bg\" role=\"img\" aria-label=\"pexels-kindelmedia-9800002\"><\/div><div class=\"swiper-slide-inner\" ><div class=\"swiper-slide-contents\"><div class=\"elementor-slide-heading\">Transporte sostenible<\/div><div class=\"elementor-slide-description\"><p>Nuestra flota incorpora principalmente veh\u00edculos el\u00e9ctricos y optimizamos las rutas de reparto para reducir sus emisiones. Es nuestra forma de contribuir a una movilidad m\u00e1s limpia y eficiente.<\/p>\n<\/div><\/div><\/div><\/div><div class=\"elementor-repeater-item-d32a591 swiper-slide\" role=\"group\" aria-roledescription=\"slide\"><div class=\"swiper-slide-bg\" role=\"img\" aria-label=\"pexels-alexfu-2967770\"><\/div><div class=\"elementor-background-overlay\"><\/div><div class=\"swiper-slide-inner\" ><div class=\"swiper-slide-contents\"><div class=\"elementor-slide-heading\">Gesti\u00f3n de residuos<\/div><div class=\"elementor-slide-description\"><p>Trabajamos para reducir la generaci\u00f3n de residuos y fomentamos la reutilizaci\u00f3n y reciclaje. Disponemos de un propio Plan de Gesti\u00f3n de Residuos que garantiza el correcto tratamiento de los materiales.<\/p>\n<\/div><\/div><\/div><\/div><div class=\"elementor-repeater-item-b1da9fe swiper-slide\" role=\"group\" aria-roledescription=\"slide\"><div class=\"swiper-slide-bg\" role=\"img\" aria-label=\"pexels-david9122-31763252\"><\/div><div class=\"elementor-background-overlay\"><\/div><div class=\"swiper-slide-inner\" ><div class=\"swiper-slide-contents\"><div class=\"elementor-slide-heading\">Huella de carbono<\/div><div class=\"elementor-slide-description\"><p>Nos comprometemos a actuar con responsabilidad ambiental, buscando continuamente nuevas formas de reducir nuestra huella ecol\u00f3gica y minimizar el impacto de nuestro modelo log\u00edstico.<\/p>\n<\/div><\/div><\/div><\/div><div class=\"elementor-repeater-item-4c180e7 swiper-slide\" role=\"group\" aria-roledescription=\"slide\"><div class=\"swiper-slide-bg\" role=\"img\" aria-label=\"pexels-fauxels-3183150\"><\/div><div class=\"elementor-background-overlay\"><\/div><div class=\"swiper-slide-inner\" ><div class=\"swiper-slide-contents\"><div class=\"elementor-slide-heading\">Transparencia e implicaci\u00f3n<\/div><div class=\"elementor-slide-description\"><p>Creemos en una comunicaci\u00f3n abierta y clara sobre nuestras acciones ambientales. Queremos que todos -equipo, clientes y proveedores- formamos parte activa de nuestro camino hacia la sostenibilidad.<\/p>\n<\/div><\/div><\/div><\/div><div class=\"elementor-repeater-item-3acc49e swiper-slide\" role=\"group\" aria-roledescription=\"slide\"><div class=\"swiper-slide-bg\" role=\"img\" aria-label=\"pexels-tima-miroshnichenko-6169661\"><\/div><div class=\"elementor-background-overlay\"><\/div><div class=\"swiper-slide-inner\" ><div class=\"swiper-slide-contents\"><div class=\"elementor-slide-heading\">Responsabilidad con los proveedores<\/div><div class=\"elementor-slide-description\"><p>Exigimos a nuestros proveedores un compromiso ambiental alineado con el nuestro. Apostamos por una cadena de valor responsable y basada en la gesti\u00f3n eficiente de los recursos naturales.<\/p>\n<\/div><\/div><\/div><\/div><div class=\"elementor-repeater-item-2fcb5c5 swiper-slide\" role=\"group\" aria-roledescription=\"slide\"><div class=\"swiper-slide-bg\" role=\"img\" aria-label=\"pexels-deliboss-27438824\"><\/div><div class=\"elementor-background-overlay\"><\/div><div class=\"swiper-slide-inner\" ><div class=\"swiper-slide-contents\"><div class=\"elementor-slide-heading\">Envases responsables<\/div><div class=\"elementor-slide-description\"><p>Utilizamos materiales reciclados en envases, siempre cumpliendo con las normativas sanitarias. Buscamos alternativas con el m\u00ednimo impacto ambiental, sin renunciar a la seguridad alimenticia.<\/p>\n<\/div><\/div><\/div><\/div><div class=\"elementor-repeater-item-30411cb swiper-slide\" role=\"group\" aria-roledescription=\"slide\"><div class=\"swiper-slide-bg\" role=\"img\" aria-label=\"noah-buscher-x8ZStukS2PM-unsplash\"><\/div><div class=\"elementor-background-overlay\"><\/div><div class=\"swiper-slide-inner\" ><div class=\"swiper-slide-contents\"><div class=\"elementor-slide-heading\">Cumplimiento normativo y ODS<\/div><div class=\"elementor-slide-description\"><p>Nos regimos por las normativas ambientales vigentes y nos alineamos con los Objetivos de Desarrollo Sostenible de la Agenda 2030. El respeto por el medio ambiente es una responsabilidad que asumimos plenamente.<\/p>\n<\/div><\/div><\/div><\/div><div class=\"elementor-repeater-item-8a87ca2 swiper-slide\" role=\"group\" aria-roledescription=\"slide\"><div class=\"swiper-slide-bg\" role=\"img\" aria-label=\"pexels-mikhail-nilov-8296977\"><\/div><div class=\"elementor-background-overlay\"><\/div><div class=\"swiper-slide-inner\" ><div class=\"swiper-slide-contents\"><div class=\"elementor-slide-heading\">Auditor\u00edas ambientales<\/div><div class=\"elementor-slide-description\"><p>Realizamos auditor\u00edas internas de forma regular para evaluar la eficacia de nuestras acciones y detectar \u00e1reas de mejora. Este ejercicio permite ser proactivos y eficientes en materia ambiental.<\/p>\n<\/div><\/div><\/div><\/div><div class=\"elementor-repeater-item-6ec7fb2 swiper-slide\" role=\"group\" aria-roledescription=\"slide\"><div class=\"swiper-slide-bg\" role=\"img\" aria-label=\"terry-vlisidis-SFEvfN01-ao-unsplash\"><\/div><div class=\"elementor-background-overlay\"><\/div><div class=\"swiper-slide-inner\" ><div class=\"swiper-slide-contents\"><div class=\"elementor-slide-heading\">Uso responsable del agua<\/div><div class=\"elementor-slide-description\"><p>Monitorizamos el consumo de agua en nuestras instalaciones e impulsamos acciones para reducirlo. Adem\u00e1s desarrollamos campa\u00f1as internas de concienciaci\u00f3n para un uso m\u00e1s responsable de este recurso vital.<\/p>\n<\/div><\/div><\/div><\/div>\t\t\t\t<\/div>\n\t\t\t\t\t\t\t\t\t\t\t\t\t\t\t<div class=\"elementor-swiper-button elementor-swiper-button-prev\" role=\"button\" tabindex=\"0\" aria-label=\"Previous slide\">\n\t\t\t\t\t\t\t<svg aria-hidden=\"true\" class=\"e-font-icon-svg e-eicon-chevron-left\" viewBox=\"0 0 1000 1000\" xmlns=\"http:\/\/www.w3.org\/2000\/svg\"><path d=\"M646 125C629 125 613 133 604 142L308 442C296 454 292 471 292 487 292 504 296 521 308 533L604 854C617 867 629 875 646 875 663 875 679 871 692 858 704 846 713 829 713 812 713 796 708 779 692 767L438 487 692 225C700 217 708 204 708 187 708 171 704 154 692 142 675 129 663 125 646 125Z\"><\/path><\/svg>\t\t\t\t\t\t<\/div>\n\t\t\t\t\t\t<div class=\"elementor-swiper-button elementor-swiper-button-next\" role=\"button\" tabindex=\"0\" aria-label=\"Next slide\">\n\t\t\t\t\t\t\t<svg aria-hidden=\"true\" class=\"e-font-icon-svg e-eicon-chevron-right\" viewBox=\"0 0 1000 1000\" xmlns=\"http:\/\/www.w3.org\/2000\/svg\"><path d=\"M696 533C708 521 713 504 713 487 713 471 708 454 696 446L400 146C388 133 375 125 354 125 338 125 325 129 313 142 300 154 292 171 292 187 292 204 296 221 308 233L563 492 304 771C292 783 288 800 288 817 288 833 296 850 308 863 321 871 338 875 354 875 371 875 388 867 400 854L696 533Z\"><\/path><\/svg>\t\t\t\t\t\t<\/div>\n\t\t\t\t\t\t\t\t\t\t\t\t\t\t\t\t<div class=\"swiper-pagination\"><\/div>\n\t\t\t\t\t\t\t\t\t\t\t\t<\/div>\n\t\t\t\t\t\t\t\t<\/div>\n\t\t\t\t<\/div>\n\t\t<div class=\"elementor-element elementor-element-f3f3dbb e-con-full e-flex e-con e-parent\" data-id=\"f3f3dbb\" data-element_type=\"container\" data-e-type=\"container\" data-settings=\"{&quot;background_background&quot;:&quot;classic&quot;}\">\n\t\t\t\t<div class=\"elementor-element elementor-element-7067de8 elementor-widget elementor-widget-heading\" data-id=\"7067de8\" data-element_type=\"widget\" data-e-type=\"widget\" data-widget_type=\"heading.default\">\n\t\t\t\t\t<h2 class=\"elementor-heading-title elementor-size-default\">Juntos, hacemos posible un futuro m\u00e1s sostenible<\/h2>\t\t\t\t<\/div>\n\t\t\t\t<div class=\"elementor-element elementor-element-08e1d3f elementor-widget elementor-widget-text-editor\" data-id=\"08e1d3f\" data-element_type=\"widget\" data-e-type=\"widget\" data-widget_type=\"text-editor.default\">\n\t\t\t\t\t\t\t\t\t<p>Si quieres saber m\u00e1s sobre nuestras acciones ambientales, colaborar con nosotros o compartir iniciativas sostenibles, no dudes en contactar con nosotros. Estamos abiertos al di\u00e1logo y convencidos de que el cambio s\u00f3lo es posible si lo hacemos entre todos.<\/p>\n<p>[Contacta con nosotros]<br \/>[Conoce nuestro compromiso ambiental completo \u2013 PDF \/ Pol\u00edticas]<\/p>\n\t\t\t\t\t\t\t\t<\/div>\n\t\t\t\t<\/div>\n\t\t\t\t<\/div>\n\t\t","protected":false},"excerpt":{"rendered":"<p>Sostenibilidad En Monserrat Almazan S.L. entendemos la sostenibilidad como un compromiso transversal que afecta a todas las \u00e1reas de la empresa. Nuestra visi\u00f3n es clara: crecer de forma responsable, reduciendo el impacto ambiental de nuestra actividad y dejando una impronta positiva en nuestro entorno. Trabajamos desde la proximidad, con responsabilidad y transparencia, fiel a la [&hellip;]<\/p>\n","protected":false},"author":1,"featured_media":0,"parent":0,"menu_order":0,"comment_status":"closed","ping_status":"closed","template":"elementor_header_footer","meta":{"footnotes":""},"class_list":["post-7535","page","type-page","status-publish","hentry"],"_links":{"self":[{"href":"https:\/\/monserratalmazan.com\/es\/wp-json\/wp\/v2\/pages\/7535","targetHints":{"allow":["GET"]}}],"collection":[{"href":"https:\/\/monserratalmazan.com\/es\/wp-json\/wp\/v2\/pages"}],"about":[{"href":"https:\/\/monserratalmazan.com\/es\/wp-json\/wp\/v2\/types\/page"}],"author":[{"embeddable":true,"href":"https:\/\/monserratalmazan.com\/es\/wp-json\/wp\/v2\/users\/1"}],"replies":[{"embeddable":true,"href":"https:\/\/monserratalmazan.com\/es\/wp-json\/wp\/v2\/comments?post=7535"}],"version-history":[{"count":2,"href":"https:\/\/monserratalmazan.com\/es\/wp-json\/wp\/v2\/pages\/7535\/revisions"}],"predecessor-version":[{"id":7559,"href":"https:\/\/monserratalmazan.com\/es\/wp-json\/wp\/v2\/pages\/7535\/revisions\/7559"}],"wp:attachment":[{"href":"https:\/\/monserratalmazan.com\/es\/wp-json\/wp\/v2\/media?parent=7535"}],"curies":[{"name":"wp","href":"https:\/\/api.w.org\/{rel}","templated":true}]}}