{"id":6372,"date":"2024-08-19T08:45:59","date_gmt":"2024-08-19T08:45:59","guid":{"rendered":"https:\/\/monserratalmazan.com\/rgpd\/"},"modified":"2024-08-19T08:46:00","modified_gmt":"2024-08-19T08:46:00","slug":"rgpd","status":"publish","type":"page","link":"https:\/\/monserratalmazan.com\/es\/rgpd\/","title":{"rendered":"RGPD"},"content":{"rendered":"\n<p class=\"has-large-font-size\">Protecci\u00f3n de datos de car\u00e1cter personal seg\u00fan el RGPD<\/p>\n\n<p class=\"has-small-font-size\">Monserrat Almazan S.L., en aplicaci\u00f3n de la normativa vigente en materia de protecci\u00f3n de datos de car\u00e1cter personal, informa que los datos personales que se recogen a trav\u00e9s de los formularios del Sitio web: <a href=\"http:\/\/www.monserratalmazan.com\">www.monserratalmazan.com<\/a>, se incluyen en los ficheros automatizados espec\u00edficos de usuarios de los servicios de Monserrat Almazan S.L.<\/p>\n\n<p class=\"has-small-font-size\">La recogida y tratamiento automatizado de los datos de car\u00e1cter personal tiene como finalidad el mantenimiento de la relaci\u00f3n comercial y el desempe\u00f1o de tareas de informaci\u00f3n, formaci\u00f3n, asesoramiento y otras actividades propias de Monserrat Almazan S.L<\/p>\n\n<p class=\"has-small-font-size\">Estos datos \u00fanicamente ser\u00e1n cedidos a aquellas entidades que sean necesarias con el \u00fanico objetivo de dar cumplimiento a la finalidad anteriormente expuesta.<\/p>\n\n<p class=\"has-small-font-size\">Monserrat Almazan S.L. adopta las medidas necesarias para garantizar la seguridad, integridad y confidencialidad de los datos conforme a lo dispuesto en el Reglamento (UE) 2016\/679 del Parlamento Europeo y del Consejo, de 27 de abril de 2016, relativo a la protecci\u00f3n de las personas f\u00edsicas en lo que se refiere al tratamiento de datos personales ya la libre circulaci\u00f3n de \u00e9stos, y derogando la antigua LOPD, la nueva Ley org\u00e1nica 3\/2018, de 5 diciembre, de Protecci\u00f3n de Datos y Garant\u00eda de los Derechos Digitales (LOPDGDD) .<\/p>\n\n<p class=\"has-small-font-size\">El usuario podr\u00e1 en cualquier momento ejercitar los derechos de acceso, oposici\u00f3n, rectificaci\u00f3n, cancelaci\u00f3n, limitaci\u00f3n y portabilidad reconocidos en el citado Reglamento (UE). El ejercicio de estos derechos puede realizarlo el propio usuario a trav\u00e9s de email a: <a href=\"mailto:info@monserratalmazan.com\">info@monserratalmazan.com<\/a> o en la direcci\u00f3n: Passatge D&#8217;andalusia 7, C.P. 08014 \u2013 Barcelona (Barcelona).<\/p>\n\n<p class=\"has-small-font-size\">El usuario manifiesta que todos los datos facilitados por \u00e9l son ciertos y correctos, comprometi\u00e9ndose a mantenerlos actualizados, comunicando los cambios a Monserrat Almazan S.L.<\/p>\n\n<p class=\"has-small-font-size\"><strong>Finalidad del tratamiento de los datos personales:<\/strong><\/p>\n\n<p class=\"has-small-font-size\"><strong>\u00bfCon qu\u00e9 finalidad trataremos tus datos personales?<\/strong><\/p>\n\n<p class=\"has-small-font-size\">En Monserrat Almazan S.L., trataremos tus datos personales recabados a trav\u00e9s del Sitio web: www.monserratalmazan.com, con las siguientes finalidades:<\/p>\n\n<ol class=\"wp-block-list\">\n<li>Env\u00edo de informaci\u00f3n comercial y boletines sobre nuevos servicios ofrecidos en la web y del sector.<\/li>\n\n\n\n<li>La transmisi\u00f3n de datos a terceros con los que se hayan celebrado contratos a tal efecto, para fines comerciales, contractuales, administrativos, de mercadeo y\/u operativos.<\/li>\n\n\n\n<li>Enviar informaci\u00f3n promocional v\u00eda electr\u00f3nica.<\/li>\n\n\n\n<li>Facilitar la informaci\u00f3n solicitada por el usuario a trav\u00e9s del formulario de contacto<\/li>\n<\/ol>\n\n<p>Te recordamos que puedes oponerte al env\u00edo de comunicaciones comerciales por cualquier v\u00eda y en cualquier momento, remitiendo un correo electr\u00f3nico a la direcci\u00f3n anteriormente indicada.<\/p>\n\n<p>Los campos de estos registros son de cumplimentaci\u00f3n obligatoria, siendo imposible realizar las finalidades expresadas si no se aportan estos datos.<\/p>\n\n<p><strong>\u00bfPor cu\u00e1nto tiempo se conservan los datos personales recabados?<\/strong><\/p>\n\n<p>Los datos personales proporcionados se conservar\u00e1n mientras se mantenga la relaci\u00f3n comercial o no solicites su supresi\u00f3n y durante el plazo por el que pudieran derivarse responsabilidades legales por los servicios prestados.<\/p>\n\n<p>Legitimaci\u00f3n:<\/p>\n\n<p>El tratamiento de tus datos se realiza con las siguientes bases jur\u00eddicas que legitiman lo mismo:<\/p>\n\n<ol class=\"wp-block-list\">\n<li>La sol\u00b7licitud d&#8217;informaci\u00f3 i\/o la contractaci\u00f3 dels serveis de Monserrat Almazan S.L., els termes i les condicions dels  quals es posaran a la teva disposici\u00f3 en tot cas, de manera pr\u00e8via a una eventual contractaci\u00f3.<\/li>\n\n\n\n<li>El consentimiento libre, espec\u00edfico, informado e inequ\u00edvoco, en tanto que te informamos poniendo a tu disposici\u00f3n la presente pol\u00edtica de privacidad, que despu\u00e9s de la lectura de \u00e9sta, en caso de estar conforme, puedes aceptar mediante una declaraci\u00f3n o una clara acci\u00f3n afirmativa, como el marcado de una casilla dispuesta a tal efecto.<\/li>\n<\/ol>\n\n<p>En caso de que no nos facilites tus datos o lo hagas de forma err\u00f3nea o incompleta, no podremos atender tu solicitud, resultando imposible proporcionarte la informaci\u00f3n solicitada o llevar a cabo la contrataci\u00f3n de los servicios<\/p>\n\n<p><strong>Destinatarios:<\/strong><\/p>\n\n<p>Los datos no se comunicar\u00e1n a ning\u00fan tercero ajeno a Monserrat Almazan S.L., salvo obligaci\u00f3n legal.<\/p>\n\n<p>Datos recopilados por usuarios de los servicios.<\/p>\n\n<p>En los casos en que el usuario incluya archivos con datos de car\u00e1cter personal en los servidores de alojamiento compartido, Monserrat Almazan S.L. no se hace responsable del incumplimiento por parte del usuario del RGPD.<\/p>\n\n<p>Derechos propiedad intelectual <a href=\"http:\/\/www.monserratalmazan.com\">www.monserratalmazan.com<\/a><\/p>\n\n<p>Monserrat Almazan S.L. es titular de todos los derechos de autor, propiedad intelectual, industrial, \u00abknow-how\u00bb y cuantos otros derechos guardan relaci\u00f3n con los contenidos del sitio web <a href=\"http:\/\/www.monserratalmazan.com\">www.monserratalmazan.com<\/a> y los servicios ofrecidos en \u00e9ste, as\u00ed como de los programas necesarios para su implementaci\u00f3n y la informaci\u00f3n relacionada.<\/p>\n\n<p>No est\u00e1 permitida la reproducci\u00f3n, publicaci\u00f3n y\/o uso no estrictamente privado de los contenidos, totales o parciales, del sitio web www.monserratalmazan.com sin el consentimiento previo y por escrito.<\/p>\n\n<p>Propiedad intelectual del software<\/p>\n\n<p>El usuario debe respetar los programas de terceros puestos a su disposici\u00f3n por Monserrat Almazan S.L., a\u00fan siendo gratuitos y\/o de disposici\u00f3n p\u00fablica.<\/p>\n\n<p>Monserrat Almazan S.L. dispone de los derechos de explotaci\u00f3n y propiedad intelectual necesarios del software.<\/p>\n\n<p>El usuario no adquiere ning\u00fan derecho o licencia por el servicio contratado, sobre el software necesario para la prestaci\u00f3n del servicio, ni tampoco sobre la informaci\u00f3n t\u00e9cnica de seguimiento del servicio, excepci\u00f3n hecha de los derechos y licencias necesarios para el cumplimiento de los servicios contratados y \u00fanicamente durante la duraci\u00f3n de \u00e9stos.<\/p>\n\n<p>Para toda actuaci\u00f3n que exceda del cumplimiento del contrato, el usuario necesitar\u00e1 autorizaci\u00f3n por escrito por parte de Monserrat Almazan S.L., quedando prohibido al usuario acceder, modificar, visualizar la configuraci\u00f3n, estructura y archivos de los servidores propiedad de Monserrat Almazan S.L., asumiendo la responsabilidad civil y penal derivada de cualquier incidencia que pudiera producirse en los servidores y sistemas de seguridad como consecuencia directa de una actuaci\u00f3n negligente o maliciosa por su parte.<\/p>\n\n<p>Propiedad intelectual de los contenidos alojados<\/p>\n\n<p>Se proh\u00edbe el uso contrario a la legislaci\u00f3n sobre propiedad intelectual de los servicios prestados por Monserrat Almazan S.L. y, en particular de:<\/p>\n\n<ol class=\"wp-block-list\">\n<li>La utilizaci\u00f3n que resulte contraria a las leyes espa\u00f1olas o que infrinja los derechos de terceros.<\/li>\n\n\n\n<li>La publicaci\u00f3n o transmisi\u00f3n de cualquier contenido que, a juicio de Monserrat Almazan S.L., resulte violento, obsceno, abusivo, ilegal, racial, xen\u00f3fobo o difamatorio.<\/li>\n\n\n\n<li>Los cracks, n\u00fameros de serie de programas o cualquier otro contenido que vulnere derechos de la propiedad intelectual de terceros.<\/li>\n\n\n\n<li>La recogida y\/o utilizaci\u00f3n de datos personales de otros usuarios sin su consentimiento expreso o contraviniendo lo dispuesto en el Reglamento (UE) 2016\/679 del Parlamento Europeo y del Consejo, de 27 de abril de 2016, relativo a la protecci\u00f3n de las personas f\u00edsicas en lo que se refiere al tratamiento de datos personales ya la libre circulaci\u00f3n de los mismos.<\/li>\n\n\n\n<li>La utilizaci\u00f3n del servidor de correo del dominio y de las direcciones de correo electr\u00f3nico para el env\u00edo de correo masivo no deseado.<\/li>\n<\/ol>\n\n<p>El usuario tiene toda la responsabilidad sobre el contenido de su web, la informaci\u00f3n transmitida y almacenada, los enlaces de hipertexto, las reivindicaciones de terceros y las acciones legales en referencia a propiedad intelectual, derechos de terceros y protecci\u00f3n de menores.<\/p>\n\n<p>El usuario es responsable respecto a las leyes y reglamentos en vigor y las reglas que tienen que ver con el funcionamiento del servicio online, comercio electr\u00f3nico, derechos de autor, mantenimiento del orden p\u00fablico, as\u00ed como principios universales de uso de Internet.<\/p>\n\n<p>El usuario indemnizar\u00e1 a Monserrat Almazan S.L. por los gastos que generara la imputaci\u00f3n de Monserrat Almazan S.L. en alguna causa cuya responsabilidad fuese atribuible al usuario, incluidos honorarios y gastos de defensa jur\u00eddica, incluso en el caso de una decisi\u00f3n judicial no definitiva.<\/p>\n\n<p><strong>Protecci\u00f3n de la informaci\u00f3n alojada<\/strong><\/p>\n\n<p>Monserrat Almazan S.L. realiza copias de seguridad de los contenidos alojados en sus servidores, sin embargo no se responsabiliza de la p\u00e9rdida o borrado accidental de los datos por parte de los usuarios. De igual modo, no garantiza la reposici\u00f3n total de los datos borrados por los usuarios, ya que dichos datos podr\u00edan haber sido suprimidos y\/o modificados durante el per\u00edodo del tiempo transcurrido desde la \u00faltima copia de seguridad.<\/p>\n\n<p>Los servicios ofrecidos, salvo los servicios espec\u00edficos de copia de seguridad, no incluyen la reposici\u00f3n de los contenidos conservados en las copias de seguridad realizadas por Monserrat Almazan S.L., cuando esta p\u00e9rdida sea imputable al usuario; en tal caso, se determinar\u00e1 una tarifa acorde a la complejidad y volumen de la recuperaci\u00f3n, siempre previa aceptaci\u00f3n del usuario.<\/p>\n\n<p>La reposici\u00f3n de datos borrados s\u00f3lo est\u00e1 incluida en el precio del servicio cuando la p\u00e9rdida del contenido se deba a causas atribuibles a Monserrat Almazan S.L.<\/p>\n\n<p><strong>Comunicaciones comerciales<\/strong><\/p>\n\n<p>En aplicaci\u00f3n de la LSSI. Monserrat Almazan S.L. no enviar\u00e1 comunicaciones publicitarias o promocionales por correo electr\u00f3nico u otro medio de comunicaci\u00f3n electr\u00f3nica equivalente que previamente no hubiesen sido solicitadas o expresamente autorizadas por los destinatarios de \u00e9stas.<\/p>\n\n<p>En el caso de usuarios con los que exista una relaci\u00f3n contractual previa, Monserrat Almazan S.L. s\u00ed est\u00e1 autorizado al env\u00edo de comunicaciones comerciales referentes a productos o servicios de Monserrat Almazan S.L. que sean similares a los que inicialmente fueron objeto de contrataci\u00f3n con el cliente.<\/p>\n\n<p>En cualquier caso, el usuario, tras acreditar su identidad, podr\u00e1 solicitar que no se le haga llegar m\u00e1s informaci\u00f3n comercial a trav\u00e9s de los canales de Atenci\u00f3n al Cliente.<\/p>\n","protected":false},"excerpt":{"rendered":"<p>Protecci\u00f3n de datos de car\u00e1cter personal seg\u00fan el RGPD Monserrat Almazan S.L., en aplicaci\u00f3n de la normativa vigente en materia de protecci\u00f3n de datos de car\u00e1cter personal, informa que los datos personales que se recogen a trav\u00e9s de los formularios del Sitio web: www.monserratalmazan.com, se incluyen en los ficheros automatizados espec\u00edficos de usuarios de los [&hellip;]<\/p>\n","protected":false},"author":1,"featured_media":0,"parent":0,"menu_order":0,"comment_status":"closed","ping_status":"closed","template":"","meta":{"footnotes":""},"class_list":["post-6372","page","type-page","status-publish","hentry"],"_links":{"self":[{"href":"https:\/\/monserratalmazan.com\/es\/wp-json\/wp\/v2\/pages\/6372","targetHints":{"allow":["GET"]}}],"collection":[{"href":"https:\/\/monserratalmazan.com\/es\/wp-json\/wp\/v2\/pages"}],"about":[{"href":"https:\/\/monserratalmazan.com\/es\/wp-json\/wp\/v2\/types\/page"}],"author":[{"embeddable":true,"href":"https:\/\/monserratalmazan.com\/es\/wp-json\/wp\/v2\/users\/1"}],"replies":[{"embeddable":true,"href":"https:\/\/monserratalmazan.com\/es\/wp-json\/wp\/v2\/comments?post=6372"}],"version-history":[{"count":1,"href":"https:\/\/monserratalmazan.com\/es\/wp-json\/wp\/v2\/pages\/6372\/revisions"}],"predecessor-version":[{"id":6373,"href":"https:\/\/monserratalmazan.com\/es\/wp-json\/wp\/v2\/pages\/6372\/revisions\/6373"}],"wp:attachment":[{"href":"https:\/\/monserratalmazan.com\/es\/wp-json\/wp\/v2\/media?parent=6372"}],"curies":[{"name":"wp","href":"https:\/\/api.w.org\/{rel}","templated":true}]}}