{"id":6353,"date":"2024-08-02T10:39:43","date_gmt":"2024-08-02T10:39:43","guid":{"rendered":"https:\/\/monserratalmazan.com\/politica-de-cookies\/"},"modified":"2024-08-19T08:07:11","modified_gmt":"2024-08-19T08:07:11","slug":"politica-de-cookies","status":"publish","type":"page","link":"https:\/\/monserratalmazan.com\/es\/politica-de-cookies\/","title":{"rendered":"Pol\u00edtica de cookies"},"content":{"rendered":"\n<p class=\"has-large-font-size\"><p><strong>Pol\u00edtica de cookies<\/strong><\/p><\/p>\n\n<p><p>Monserrat Almazan S.L. informa sobre el uso de las cookies en su p\u00e1gina web: www.monserratlamazan.com<\/p><\/p>\n\n<p class=\"has-small-font-size\"><p><strong>\u00bfQu\u00e9 son las cookies?<\/strong><br\/>Las cookies son archivos que pueden descargarse en su equipo a trav\u00e9s de las p\u00e1ginas web. Son herramientas que desempe\u00f1an un papel esencial para la prestaci\u00f3n de numerosos servicios de la sociedad de la informaci\u00f3n. Entre otras, permiten a una p\u00e1gina web almacenar y recuperar informaci\u00f3n sobre los h\u00e1bitos de navegaci\u00f3n de un usuario o de su equipo y, dependiendo de la informaci\u00f3n obtenida, pueden utilizarse para reconocer al usuario y mejorar el servicio ofrecido<\/p><\/p>\n\n<p><p><strong>Tipo de cookies<\/strong><\/p><\/p>\n\n<p>Seg\u00fan quien sea la entidad que gestiona el dominio desde donde se env\u00edan las cookies y trate los datos que se obtengan se pueden distinguir dos tipos:<\/p>\n\n<ul class=\"wp-block-list\">\n<li>Cookies propias: Aquellas que se env\u00eden al equipo terminal del usuario desde un equipo o dominio gestionado por el propio editor y desde el que se presta el servicio solicitado por el usuario.<\/li>\n\n\n\n<li>Cookies de terceros: Aquellas que se env\u00edan al equipo terminal del usuario desde un equipo o dominio que no es gestionado por el editor, sino por otra entidad que trata los datos obtenidos a trav\u00e9s de las cookies<\/li>\n<\/ul>\n\n<p>En caso de que las cookies sean instaladas desde un equipo o dominio gestionado por el propio editor pero la informaci\u00f3n que se recoja mediante \u00e9stas sea gestionada por un tercero, no pueden ser consideradas como cookies propias.<\/p>\n\n<p>Existe tambi\u00e9n una segunda clasificaci\u00f3n seg\u00fan el plazo de tiempo que permanecen almacenadas en el navegador del cliente, pudiendo tratarse de:<\/p>\n\n<ul class=\"wp-block-list\">\n<li>Cookies de sesi\u00f3n: Dise\u00f1adas para recabar y almacenar datos mientras el usuario accede a una p\u00e1gina web. Se suelen utilizar para almacenar informaci\u00f3n que s\u00f3lo interesa conservar para la prestaci\u00f3n del servicio solicitado por el usuario en una sola ocasi\u00f3n (p.e. una lista de productos adquiridos).<\/li>\n\n\n\n<li>Cookies persistentes: Los datos siguen almacenados en el terminal y pueden ser accedidos y tratados durante un per\u00edodo definido por el responsable de la cookie, y que puede ir de unos minutos a varios a\u00f1os.<\/li>\n<\/ul>\n\n<p>Por \u00faltimo, existe otra clasificaci\u00f3n con seis tipos de cookies seg\u00fan la finalidad para la que se traten los datos obtenidos:<\/p>\n\n<ul class=\"wp-block-list\">\n<li>Cookies t\u00e9cnicas: Aquellas que permiten al usuario la navegaci\u00f3n a trav\u00e9s de una p\u00e1gina web, plataforma o aplicaci\u00f3n y la utilizaci\u00f3n de las diferentes opciones o servicios que en ella existan como, por ejemplo, controlar el tr\u00e1fico y la comunicaci\u00f3n de datos, identificar la sesi\u00f3n, acceder a partes de acceso restringido, recordar los elementos que integran un pedido, realizar el roc\u00e9s de compra de un pedido, realizar la solicitud de inscripci\u00f3n o participaci\u00f3n en un evento, utilizar elementos de seguridad durante la navegaci\u00f3n, almacenar contenidos para la difusi\u00f3n de v\u00eddeos o sonido o compartir contenidos a trav\u00e9s de redes sociales.<\/li>\n\n\n\n<li>Cookies de personalizaci\u00f3n: Permiten al usuario acceder al servicio con algunas caracter\u00edsticas de car\u00e1cter general predefinidas en funci\u00f3n de una serie de criterios en el terminal del usuario como por ejemplo ser\u00edan el idioma, el tipo de navegador a trav\u00e9s del cual accede al servicio, la configuraci\u00f3n regional desde donde accede al servicio, etc.<\/li>\n\n\n\n<li>Cookies de an\u00e1lisis: Permiten al responsable de \u00e9stas, el seguimiento y an\u00e1lisis del comportamiento de los usuarios de los sitios web a los que est\u00e1n vinculadas. La informaci\u00f3n recogida mediante este tipo de cookies se utiliza en la medici\u00f3n de la actividad de los sitios web, aplicaci\u00f3n o plataforma y para la elaboraci\u00f3n de perfiles de navegaci\u00f3n de los usuarios de estos sitios, aplicaciones y plataformas, con el fin de introducir mejoras en funci\u00f3n del an\u00e1lisis de los datos de uso que realizan los usuarios del servicio.<\/li>\n\n\n\n<li>Cookies publicitarias: Permiten la gesti\u00f3n, de la forma m\u00e1s eficaz posible, de los espacios publicitarios.<\/li>\n\n\n\n<li>Cookies de publicidad comportamental: Almacenan informaci\u00f3n del comportamiento de los usuarios obtenida a trav\u00e9s de la observaci\u00f3n continuada de sus h\u00e1bitos de navegaci\u00f3n, lo que permite desarrollar un perfil espec\u00edfico para mostrar publicidad en funci\u00f3n del mismo.<\/li>\n\n\n\n<li>Cookies de redes sociales externas: Se utilizan para que los visitantes puedan interactuar con el contenido de diferentes plataformas sociales (facebook, youtube, twitter, linkedIn, etc..) y que se generen \u00fanicamente para los usuarios de estas redes sociales. Las condiciones de utilizaci\u00f3n de estas cookies y la informaci\u00f3n recopilada se regula por la pol\u00edtica de privacidad de la plataforma social correspondiente.<\/li>\n<\/ul>\n\n<p><p><strong>Desactivaci\u00f3n y eliminaci\u00f3n de cookies<\/strong><br\/>Tienes la opci\u00f3n de permitir, bloquear o eliminar las cookies instaladas en tu equipo mediante la configuraci\u00f3n de las opciones del navegador instalado en su equipo. Al desactivar cookies, algunos de los servicios disponibles podr\u00edan dejar de estar operativos. La forma de deshabilitar las cookies es diferente para cada navegador, pero normalmente puede hacerse desde el men\u00fa Herramientas u Opciones. Tambi\u00e9n puede consultarse el men\u00fa de Ayuda del navegador donde puedes encontrar instrucciones. El usuario podr\u00e1 en cualquier momento elegir qu\u00e9 cookies desea que funcionen en este sitio web.<br\/>Puede usted permitir, bloquear o eliminar las cookies instaladas en su equipo mediante la configuraci\u00f3n de las opciones del navegador instalado en su ordenador:<\/p><\/p>\n\n<ul class=\"wp-block-list\">\n<li><p>Microsoft Internet Explorer o Microsoft Edge: <a href=\"http:\/\/windows.microsoft.com\/es-es\/windows-vista\/Block-or-allow-cookies\" data-mce-href=\"http:\/\/windows.microsoft.com\/es-es\/windows-vista\/Block-or-allow-cookies\">http:\/\/windows.microsoft.com\/es-es\/windows-vista\/Block-or-allow-cookies<\/a><\/p><\/li>\n\n\n\n<li><p>Mozilla Firefox:\u00a0<a href=\"http:\/\/support.mozilla.org\/es\/kb\/impedir-que-los-sitios-web-guarden-sus-preferenc\" data-mce-href=\"http:\/\/support.mozilla.org\/es\/kb\/impedir-que-los-sitios-web-guarden-sus-preferenc\">http:\/\/support.mozilla.org\/es\/kb\/impedir-que-los-sitios-web-guarden-sus-preferenc<\/a>ia<\/p><\/li>\n\n\n\n<li><p>Chrome: <a href=\"https:\/\/support.google.com\/accounts\/answer\/61416?hl=es\" data-mce-href=\"https:\/\/support.google.com\/accounts\/answer\/61416?hl=es\">https:\/\/support.google.com\/accounts\/answer\/61416?hl=es<\/a><\/p><\/li>\n\n\n\n<li><p>Safari: <a href=\"http:\/\/safari.helpmax.net\/es\/privacidad-y-seguridad\/como-gestionar-las-cookies\/\" data-mce-href=\"http:\/\/safari.helpmax.net\/es\/privacidad-y-seguridad\/como-gestionar-las-cookies\/\">http:\/\/safari.helpmax.net\/es\/privacidad-y-seguridad\/como-gestionar-las-cookies\/<\/a><\/p><\/li>\n\n\n\n<li><p>Opera: <a href=\"http:\/\/help.opera.com\/Linux\/10.60\/es-ES\/cookies.html\" data-mce-href=\"http:\/\/help.opera.com\/Linux\/10.60\/es-ES\/cookies.html\">http:\/\/help.opera.com\/Linux\/10.60\/es-ES\/cookies.html<\/a><\/p><\/li>\n<\/ul>\n\n<p>Adem\u00e1s, tambi\u00e9n puede manejar el almac\u00e9n de cookies en su navegador a trav\u00e9s de herramientas como las siguientes:<\/p>\n\n<ul class=\"wp-block-list\">\n<li><p>Ghostery:<a href=\"http:\/\/www.ghostery.com\" data-mce-href=\"http:\/\/www.ghostery.com\"> www.ghostery.com<\/a><\/p><\/li>\n\n\n\n<li><p>Your Online Choices:<a href=\"http:\/\/www.youronlinechoices.com\/es\/\" data-mce-href=\"http:\/\/www.youronlinechoices.com\/es\/\">http:\/\/www.youronlinechoices.com\/es\/<\/a><\/p><\/li>\n<\/ul>\n\n<p><p>Cookies utilizadas en www.monserratalmazan.com<br\/>A continuaci\u00f3n se identifican las cookies que est\u00e1n siendo utilizadas en este portal as\u00ed como su tipolog\u00eda y funci\u00f3n:<\/p><\/p>\n\n<ul class=\"wp-block-list\">\n<li>_ga\n<ul class=\"wp-block-list\">\n<li>Duraci\u00f3n: 2 a\u00f1os<\/li>\n\n\n\n<li>Descripci\u00f3n: Sirve para distinguir a los usuarios. Generada por Google Analytics. Google almacena la informaci\u00f3n recogida por las cookies en servidores situados en Estados Unidos, cumpliendo con la legislaci\u00f3n Europea en cuanto a protecci\u00f3n de datos personales y se compromete a no compartirla con terceros, excepto cuando la ley le obligue a ello o sea necesario para al funcionamiento del sistema. Google no asocia su direcci\u00f3n IP con otra informaci\u00f3n que tenga. Si desea obtener m\u00e1s informaci\u00f3n sobre las cookies usadas por Google Analytics, por favor acceda a esta direcci\u00f3n: https:\/\/developers.google.com\/analytics\/devguides\/collection\/analyticsjs\/cookie-usage?hl=es&amp;csw=1<\/li>\n\n\n\n<li>Tipo: Tercero<\/li>\n\n\n\n<li>Finalidad: Anal\u00edtica<\/li>\n<\/ul>\n<\/li>\n\n\n\n<li>_gid\n<ul class=\"wp-block-list\">\n<li>Duraci\u00f3n: 24 horas<\/li>\n\n\n\n<li>Descripci\u00f3n: Generada por Google Analytics. Google almacena la informaci\u00f3n recogida por las cookies en servidores situados en Estados Unidos, cumpliendo con la legislaci\u00f3n Europea en cuanto a protecci\u00f3n de datos personales y se compromete a no compartirla con terceros, excepto cuando la ley le obligue a ello o sea necesario para al funcionamiento del sistema. Google no asocia su direcci\u00f3n IP con otra informaci\u00f3n que tenga. Si desea obtener m\u00e1s informaci\u00f3n sobre las cookies usadas por Google Analytics, por favor acceda a esta direcci\u00f3n: https:\/\/developers.google.com\/analytics\/devguides\/collection\/analyticsjs\/cookie-usage?hl=es&amp;csw<\/li>\n\n\n\n<li>Tipo: Tercero<\/li>\n\n\n\n<li>Finalidad: Anal\u00edtica<\/li>\n<\/ul>\n<\/li>\n\n\n\n<li>_gat\n<ul class=\"wp-block-list\">\n<li>Duraci\u00f3n: 1 minuto<\/li>\n\n\n\n<li>Descripci\u00f3n utilizada para mostrar nuestra publicidad en otras p\u00e1ginas de la red de Google. Generada por Google Analytics. Google almacena la informaci\u00f3n recogida por las cookies en servidores situados en Estados Unidos, cumpliendo con la legislaci\u00f3n Europea en cuanto a protecci\u00f3n de datos personales y se compromete a no compartirla con terceros, excepto cuando la ley le obligue a ello o sea necesario para al funcionamiento del sistema. Google no asocia su direcci\u00f3n IP con otra informaci\u00f3n que tenga. Si desea obtener m\u00e1s informaci\u00f3n sobre las cookies usadas por Google Analytics, por favor acceda a esta direcci\u00f3n: https:\/\/developers.google.com\/analytics\/devguides\/collection\/analyticsjs\/cookie-usage?hl=es&amp;csw=1<\/li>\n\n\n\n<li>Tipo: Tercero<\/li>\n\n\n\n<li>Finalidad: Anal\u00edtica<\/li>\n<\/ul>\n<\/li>\n\n\n\n<li>ar_debug\n<ul class=\"wp-block-list\">\n<li>Duraci\u00f3n: 3 mesos<\/li>\n\n\n\n<li>Descripci\u00f3n: Cookie necesaria para la utilizaci\u00f3n de las opciones y servicios del sitio web<\/li>\n\n\n\n<li>Tipo: Tercero<\/li>\n\n\n\n<li>Finalidad: T\u00e9cnica<\/li>\n<\/ul>\n<\/li>\n<\/ul>\n\n<p><p>http:\/\/www.monserratalmazan.com\/ muestra informaci\u00f3n sobre su Pol\u00edtica de cookies en la parte inferior o superior de cualquier p\u00e1gina del portal con cada inicio de sesi\u00f3n.<\/p><\/p>\n\n<p>Ante esta informaci\u00f3n es posible llevar a cabo las siguientes acciones:<\/p>\n\n<ul class=\"wp-block-list\">\n<li>Aceptar cookies: No volver\u00e1 a visualizarse este aviso al acceder a cualquier p\u00e1gina del portal durante la presente sesi\u00f3n.<\/li>\n\n\n\n<li><p>Modificar\/personalizar su configuraci\u00f3n: Podr\u00e1 obtener m\u00e1s informaci\u00f3n sobre qu\u00e9 son las cookies, conocer la Pol\u00edtica de cookies de: www.monserratalmazan.com y modificar la configuraci\u00f3n de su navegador.<\/p><\/li>\n<\/ul>\n","protected":false},"excerpt":{"rendered":"<p>Pol\u00edtica de cookies Monserrat Almazan S.L. informa sobre el uso de las cookies en su p\u00e1gina web: www.monserratlamazan.com \u00bfQu\u00e9 son las cookies?Las cookies son archivos que pueden descargarse en su equipo a trav\u00e9s de las p\u00e1ginas web. Son herramientas que desempe\u00f1an un papel esencial para la prestaci\u00f3n de numerosos servicios de la sociedad de la [&hellip;]<\/p>\n","protected":false},"author":1,"featured_media":0,"parent":0,"menu_order":0,"comment_status":"closed","ping_status":"closed","template":"","meta":{"footnotes":""},"class_list":["post-6353","page","type-page","status-publish","hentry"],"_links":{"self":[{"href":"https:\/\/monserratalmazan.com\/es\/wp-json\/wp\/v2\/pages\/6353","targetHints":{"allow":["GET"]}}],"collection":[{"href":"https:\/\/monserratalmazan.com\/es\/wp-json\/wp\/v2\/pages"}],"about":[{"href":"https:\/\/monserratalmazan.com\/es\/wp-json\/wp\/v2\/types\/page"}],"author":[{"embeddable":true,"href":"https:\/\/monserratalmazan.com\/es\/wp-json\/wp\/v2\/users\/1"}],"replies":[{"embeddable":true,"href":"https:\/\/monserratalmazan.com\/es\/wp-json\/wp\/v2\/comments?post=6353"}],"version-history":[{"count":4,"href":"https:\/\/monserratalmazan.com\/es\/wp-json\/wp\/v2\/pages\/6353\/revisions"}],"predecessor-version":[{"id":6367,"href":"https:\/\/monserratalmazan.com\/es\/wp-json\/wp\/v2\/pages\/6353\/revisions\/6367"}],"wp:attachment":[{"href":"https:\/\/monserratalmazan.com\/es\/wp-json\/wp\/v2\/media?parent=6353"}],"curies":[{"name":"wp","href":"https:\/\/api.w.org\/{rel}","templated":true}]}}