{"id":6348,"date":"2024-08-02T10:05:11","date_gmt":"2024-08-02T10:05:11","guid":{"rendered":"https:\/\/monserratalmazan.com\/aviso-legal\/"},"modified":"2024-08-02T10:05:12","modified_gmt":"2024-08-02T10:05:12","slug":"aviso-legal","status":"publish","type":"page","link":"https:\/\/monserratalmazan.com\/es\/aviso-legal\/","title":{"rendered":"Aviso legal"},"content":{"rendered":"\n<h2 class=\"wp-block-heading\">Aviso legal<\/h2>\n\n<p>En cumplimiento con el deber de informaci\u00f3n recogido en art\u00edculo 10 de la Ley 34\/2002, de 11 de julio, de Servicios de la Sociedad de la Informaci\u00f3n y del Comercio Electr\u00f3nico (LSSICE), el propietario de la web, le informa de lo siguiente:<\/p>\n\n<ul class=\"wp-block-list\">\n<li>Denominaci\u00f3n social: Monserrat Almazan S.L.<\/li>\n\n\n\n<li>NIF: B64677966<\/li>\n\n\n\n<li>Domicilio: Pasaje de Andaluc\u00eda 7, 08014 &#8211; Barcelona (Barcelona)<\/li>\n<\/ul>\n\n<p>Inscrita en el Registro Mercantil de BARCELONA al Tomo 39962, folio 89, secci\u00f3n 8, hoja n\u00famero B-358374, inscripci\u00f3n.<\/p>\n\n<p>Con los l\u00edmites establecidos en la ley, Monserrat Almazan S.L. no asume responsabilidad alguna derivada de la falta de veracidad, integridad, actualizaci\u00f3n y precisi\u00f3n de los datos o informaciones que contienen sus p\u00e1ginas web.<\/p>\n\n<p>Los contenidos e informaci\u00f3n no vinculan a Monserrat Almazan S.L. ni constituyen opiniones, consejos o asesoramiento legal de ning\u00fan tipo por tratarse meramente de un servicio ofrecido con car\u00e1cter informativo y divulgativo.<\/p>\n\n<p>Las p\u00e1ginas de Internet de Monserrat Almazan S.L. pueden contener enlaces (links) a otras p\u00e1ginas de terceras partes que Monserrat Almazan S.L. no puede controlar. Por tanto, Monserrat Almazan S.L. no puede asumir responsabilidades por el contenido que pueda aparecer en p\u00e1ginas de terceros.<\/p>\n\n<p>Los textos, im\u00e1genes, sonidos, animaciones, software y dem\u00e1s contenidos incluidos en este website son propiedad exclusiva de Monserrat Almazan S.L. o sus licenciadores. Cualquier acto de transmisi\u00f3n, distribuci\u00f3n, cesi\u00f3n, reproducci\u00f3n, almacenamiento o comunicaci\u00f3n p\u00fablica total o parcial, deber\u00e1 contar con el consentimiento expreso de Monserrat Almazan S.L.<\/p>\n\n<p>Asimismo, para acceder a algunos de los servicios que Monserrat Almazan S.L. ofrece a trav\u00e9s del sitio web, tendr\u00e1 que proporcionar algunos datos de car\u00e1cter personal. En cumplimiento de lo que se establece en el Reglamento (UE) 2016\/679 del&#13;\nParlamento Europeo y del Consejo, de 27 de abril de 2016, relativo a la protecci\u00f3n de las personas f\u00edsicas en cuanto al tratamiento de datos personales y la libre circulaci\u00f3n de estos datos le informamos que, mediante la cumplimentaci\u00f3n de los presentes formularios , sus datos personales quedar\u00e1n incorporados y ser\u00e1n tratados en los archivos de Monserrat Almazan S.L. con el fin de poderle prestar y ofrecer nuestros servicios as\u00ed como para informarle de las mejoras del sitio web.<\/p>\n\n<p>Le informamos tambi\u00e9n que tendr\u00e1 la posibilidad en todo momento de ejercitar los derechos de acceso, rectificaci\u00f3n, cancelaci\u00f3n, oposici\u00f3n, limitaci\u00f3n y portabilidad de sus datos de car\u00e1cter personal, de forma gratuita mediante email a: info@monserratalmazan. c\u00f3mo o en la direcci\u00f3n: Pasaje de Andaluc\u00eda 7, 08014 &#8211; Barcelona (Barcelona).<\/p>\n","protected":false},"excerpt":{"rendered":"<p>Aviso legal En cumplimiento con el deber de informaci\u00f3n recogido en art\u00edculo 10 de la Ley 34\/2002, de 11 de julio, de Servicios de la Sociedad de la Informaci\u00f3n y del Comercio Electr\u00f3nico (LSSICE), el propietario de la web, le informa de lo siguiente: Inscrita en el Registro Mercantil de BARCELONA al Tomo 39962, folio [&hellip;]<\/p>\n","protected":false},"author":1,"featured_media":0,"parent":0,"menu_order":0,"comment_status":"closed","ping_status":"closed","template":"","meta":{"footnotes":""},"class_list":["post-6348","page","type-page","status-publish","hentry"],"_links":{"self":[{"href":"https:\/\/monserratalmazan.com\/es\/wp-json\/wp\/v2\/pages\/6348","targetHints":{"allow":["GET"]}}],"collection":[{"href":"https:\/\/monserratalmazan.com\/es\/wp-json\/wp\/v2\/pages"}],"about":[{"href":"https:\/\/monserratalmazan.com\/es\/wp-json\/wp\/v2\/types\/page"}],"author":[{"embeddable":true,"href":"https:\/\/monserratalmazan.com\/es\/wp-json\/wp\/v2\/users\/1"}],"replies":[{"embeddable":true,"href":"https:\/\/monserratalmazan.com\/es\/wp-json\/wp\/v2\/comments?post=6348"}],"version-history":[{"count":1,"href":"https:\/\/monserratalmazan.com\/es\/wp-json\/wp\/v2\/pages\/6348\/revisions"}],"predecessor-version":[{"id":6349,"href":"https:\/\/monserratalmazan.com\/es\/wp-json\/wp\/v2\/pages\/6348\/revisions\/6349"}],"wp:attachment":[{"href":"https:\/\/monserratalmazan.com\/es\/wp-json\/wp\/v2\/media?parent=6348"}],"curies":[{"name":"wp","href":"https:\/\/api.w.org\/{rel}","templated":true}]}}