{"id":5515,"date":"2018-05-07T13:42:05","date_gmt":"2018-05-07T13:42:05","guid":{"rendered":"http:\/\/monserratalmazan.com\/informacion-legal-y-privacidad\/"},"modified":"2019-07-17T12:55:06","modified_gmt":"2019-07-17T12:55:06","slug":"informacion-legal-y-privacidad","status":"publish","type":"page","link":"https:\/\/monserratalmazan.com\/es\/informacion-legal-y-privacidad\/","title":{"rendered":"Informaci\u00f3n legal y privacidad"},"content":{"rendered":"<h2 style=\"text-align: justify;\">Pol\u00edtica de privacidad<\/h2>\n<p style=\"text-align: justify;\">La informaci\u00f3n que proporcione a Monserrat Almazan, SL a trav\u00e9s de su web o cualquier otro m\u00e9todo ser\u00e1 incluida en el archivo de protecci\u00f3n de datos que Monserrat Almazan, SL dispone para tal efecto a nombre de Monserrat Almazan, SL (tratado conforme a la LEY 15\/1999, de 13 diciembre, sin cederla ni venderla para cualquier otro fin, cualquiera que sea).<\/p>\n<h6 style=\"text-align: justify;\">Datos Personales<\/h6>\n<p style=\"text-align: justify;\">Monserrat Almazan, SL solicitar\u00e1 datos personales relativos al usuario con el \u00fanico fin de adecuar las acciones comerciales en el inter\u00e9s de este usuario, y para realizar env\u00edos selectivos de noticias y promociones v\u00eda correo electr\u00f3nico. De acuerdo con la Ley espa\u00f1ola de Protecci\u00f3n de Datos, (Ley Org\u00e1nica 15\/1999) sobre datos inform\u00e1ticos, archivos electr\u00f3nicos y libertades civiles, se informa a los usuarios que existe un fichero de datos de car\u00e1cter personal creado por y para esta empresa y bajo su responsabilidad, en el que se mantendr\u00e1n mientras se consideren \u00fatiles. Tienen derecho a acceder, modificar, corregir y eliminar los datos que les concierne. Para ejercer este derecho, los usuarios deben enviar solicitud por mail a: monserratalmazan@yahoo.es<\/p>\n<h6 style=\"text-align: justify;\">Modificaci\u00f3n de la Informaci\u00f3n de Usuarios<\/h6>\n<p style=\"text-align: justify;\">Monserrat Almazan, SL podr\u00e1 cambiar a cualquier momento la presente informaci\u00f3n relativa a la utilizaci\u00f3n del sitio web, especialmente en relaci\u00f3n a cualquier nueva normativa o bien para mejorar las consultas en el sitio web por parte de los usuarios. Cualquier modificaci\u00f3n se adaptar\u00e1 al presente texto.<\/p>\n<h2 style=\"text-align: justify;\">Terminos Legales<\/h2>\n<p style=\"text-align: justify;\">En Monserrat Almazan, SL nos comprometemos a mantener al d\u00eda el contenido expuesto en esta web, y que su informaci\u00f3n ser\u00e1 veraz y exacta. Todas las partes presentes y futuras de la web incluyendo fotos, logos, videos, contenidos, blogs, etc que son propiedad exclusiva de Monserrat Almazan, SL, que tiene el derecho exclusivo sobre los derechos de propiedad intelectual y de la personalidad. Aun as\u00ed, no se puede garantizar la exactitud de todos los datos que se indican, por lo que no ser\u00e1 posible pedir responsabilidades derivadas de datos incorrectos o no exactas, ni de potenciales perjuicios que se deriven de una intrusi\u00f3n por parte de tercer\/os que hubieran modificado tales datos. Todo error u omisi\u00f3n deber\u00e1 notificarse lo antes posible a monserratalmazan@yahoo.es<\/p>\n<h6 style=\"text-align: justify;\">Uso de los contenidos<\/h6>\n<p style=\"text-align: justify;\">La reproducci\u00f3n de cualquiera de los documentos publicados en el sitio web se proh\u00edbe estrictamente tanto total como parcial, salvo autorizaci\u00f3n en contrario por escrito, con independencia del medio y de la forma en que se realice, y del fin perseguido en hacerla, especialmente si se realiza con fines comerciales. Toda solicitud de autorizaci\u00f3n debe remitirse a la siguiente direcci\u00f3n: Monserrat Almazan, SL, Pasaje Andaluc\u00eda, 7 Local-1 (08014) Barcelona. Todo uso no autorizado constituir\u00e1 una infracci\u00f3n de derechos de autor, y como tal podr\u00e1 ser perseguida legalmente.<\/p>\n<h6 style=\"text-align: justify;\">Cookies<\/h6>\n<p style=\"text-align: justify;\">Monserrat Almazan, SL tiene como objetivo prioritario personalizar al m\u00e1ximo con el objetivo de mejorar la experiencia del usuario. S\u00f3lo al efecto podr\u00e1 insertarse cookies en el ordenador del Usuario, con fines de identificaci\u00f3n. Sirve para guardar informaci\u00f3n sobre las visitas al sitio web por parte del usuario. A\u00fan en el caso de que el usuario decida rechazar la opci\u00f3n para no activar las cookies tendr\u00e1 libre acceso al sitio web.<\/p>\n<h6 style=\"text-align: justify;\">Opiniones expresadas por usuarios o terceras personas<\/h6>\n<p style=\"text-align: justify;\">Monserrat Almazan, SL no se responsabiliza de los contenidos y la informaci\u00f3n a la que se puede acceder a trav\u00e9s de los hipertextos incluidos dentro del propio sitio web o cualquiera de sus partes.\u00a0Monserrat Almazan, SL declina toda responsabilidad derivada de ella, as\u00ed como del uso de los mismos por parte del Usuario.\u00a0<span class=\"goog-text-highlight\">El acceso del Usuario a estos sitios se realizar\u00e1 bajo la exclusiva responsabilidad del mismo.\u00a0<\/span>S\u00f3lo se podr\u00e1n crear enlaces hipertextos en el sitio web con la aprobaci\u00f3n escrita previa de Monserrat Almazan, SL.\u00a0Todo uso no autorizado constituir\u00e1 una infracci\u00f3n de derechos de autor, y como tal podr\u00e1 ser perseguida legalmente.\u00a0<strong>Monserrat Almazan, SL se reserva el derecho de cambiar cualquier momento la presente informaci\u00f3n.<\/strong><\/p>\n<h3 style=\"text-align: justify;\">Monserrat Almazan, SL<br \/>\nPassatge Andalusia, 7 Local-1<br \/>\n08014 Barcelona<br \/>\nemail: <a href=\"mailto: monserratalmazan@yahoo.es\">monserratalmazan@yahoo.es<\/a><\/h3>\n","protected":false},"excerpt":{"rendered":"<p>Pol\u00edtica de privacidad La informaci\u00f3n que proporcione a Monserrat Almazan, SL a trav\u00e9s de su web o cualquier otro m\u00e9todo ser\u00e1 incluida en el archivo de protecci\u00f3n de datos que Monserrat Almazan, SL dispone para tal efecto a nombre de Monserrat Almazan, SL (tratado conforme a la LEY 15\/1999, de 13 diciembre, sin cederla ni [&hellip;]<\/p>\n","protected":false},"author":1,"featured_media":5116,"parent":0,"menu_order":0,"comment_status":"open","ping_status":"closed","template":"","meta":{"footnotes":""},"class_list":["post-5515","page","type-page","status-publish","has-post-thumbnail","hentry"],"_links":{"self":[{"href":"https:\/\/monserratalmazan.com\/es\/wp-json\/wp\/v2\/pages\/5515","targetHints":{"allow":["GET"]}}],"collection":[{"href":"https:\/\/monserratalmazan.com\/es\/wp-json\/wp\/v2\/pages"}],"about":[{"href":"https:\/\/monserratalmazan.com\/es\/wp-json\/wp\/v2\/types\/page"}],"author":[{"embeddable":true,"href":"https:\/\/monserratalmazan.com\/es\/wp-json\/wp\/v2\/users\/1"}],"replies":[{"embeddable":true,"href":"https:\/\/monserratalmazan.com\/es\/wp-json\/wp\/v2\/comments?post=5515"}],"version-history":[{"count":0,"href":"https:\/\/monserratalmazan.com\/es\/wp-json\/wp\/v2\/pages\/5515\/revisions"}],"wp:featuredmedia":[{"embeddable":true,"href":"https:\/\/monserratalmazan.com\/es\/wp-json\/wp\/v2\/media\/5116"}],"wp:attachment":[{"href":"https:\/\/monserratalmazan.com\/es\/wp-json\/wp\/v2\/media?parent=5515"}],"curies":[{"name":"wp","href":"https:\/\/api.w.org\/{rel}","templated":true}]}}