{"id":5380,"date":"2018-05-01T15:12:24","date_gmt":"2018-05-01T15:12:24","guid":{"rendered":"http:\/\/monserratalmazan.com\/contacto\/"},"modified":"2019-05-09T15:32:25","modified_gmt":"2019-05-09T15:32:25","slug":"contacto","status":"publish","type":"page","link":"https:\/\/monserratalmazan.com\/es\/contacto\/","title":{"rendered":"Contacto"},"content":{"rendered":"<p>[av_section min_height=\u00bb min_height_px=&#8217;500px&#8217; padding=&#8217;huge&#8217; shadow=&#8217;no-shadow&#8217; bottom_border=&#8217;no-border-styling&#8217; bottom_border_diagonal_color=&#8217;#333333&#8242; bottom_border_diagonal_direction=\u00bb bottom_border_style=\u00bb custom_arrow_bg=\u00bb id=&#8217;Newsletter&#8217; color=&#8217;main_color&#8217; custom_bg=\u00bb src=&#8217;http:\/\/monserratalmazan.com\/wp-content\/uploads\/2018\/03\/adcellpack_pruebas_envasado-ok.jpg&#8217; attachment=&#8217;3975&#8242; attachment_size=&#8217;full&#8217; attach=&#8217;fixed&#8217; position=&#8217;center center&#8217; repeat=&#8217;stretch&#8217; video=\u00bb video_ratio=&#8217;16:9&#8242; overlay_enable=&#8217;aviaTBoverlay_enable&#8217; overlay_opacity=&#8217;0.4&#8242; overlay_color=&#8217;#35383c&#8217; overlay_pattern=\u00bb overlay_custom_pattern=\u00bb av_element_hidden_in_editor=&#8217;0&#8242; custom_class=\u00bb av_uid=&#8217;av-w7fuc4&#8242;]<br \/>\n[av_heading heading=&#8217;Por favor no dude en contactar <br \/> con nosotros en cualquier momento.&#8217; tag=&#8217;h1&#8242; style=&#8217;blockquote modern-quote modern-centered&#8217; size=\u00bb subheading_active=\u00bb subheading_size=&#8217;15&#8217; padding=&#8217;40&#8217; color=&#8217;custom-color-heading&#8217; custom_font=&#8217;#ffffff&#8217; av-medium-font-size-title=\u00bb av-small-font-size-title=\u00bb av-mini-font-size-title=\u00bb av-medium-font-size=\u00bb av-small-font-size=\u00bb av-mini-font-size=\u00bb custom_class=\u00bb admin_preview_bg=&#8217;rgb(34, 34, 34)&#8217; av_uid=&#8217;av-v5e12c&#8217;][\/av_heading]<\/p>\n<p>[av_one_fifth first min_height=\u00bb vertical_alignment=&#8217;av-align-top&#8217; space=\u00bb margin=&#8217;0px&#8217; margin_sync=&#8217;true&#8217; padding=&#8217;0px&#8217; padding_sync=&#8217;true&#8217; border=\u00bb border_color=\u00bb radius=&#8217;0px&#8217; radius_sync=&#8217;true&#8217; background_color=\u00bb src=\u00bb attachment=\u00bb attachment_size=\u00bb background_position=&#8217;top left&#8217; background_repeat=&#8217;no-repeat&#8217; animation=&#8217;fade-in&#8217; mobile_display=\u00bb av_uid=&#8217;av-tiqejo&#8217;]<\/p>\n<p>[\/av_one_fifth][av_three_fifth min_height=\u00bb vertical_alignment=&#8217;av-align-top&#8217; space=\u00bb margin=&#8217;0px&#8217; margin_sync=&#8217;true&#8217; padding=&#8217;0px&#8217; padding_sync=&#8217;true&#8217; border=\u00bb border_color=\u00bb radius=&#8217;0px&#8217; radius_sync=&#8217;true&#8217; background_color=\u00bb src=\u00bb attachment=\u00bb attachment_size=\u00bb background_position=&#8217;top left&#8217; background_repeat=&#8217;no-repeat&#8217; animation=&#8217;fade-in&#8217; mobile_display=\u00bb av_uid=&#8217;av-qxzxd0&#8242;]<\/p>\n<p>[av_contact email=\u00bb title=\u00bb button=&#8217;Enviar&#8217; on_send=\u00bb sent=&#8217;Tu mensaje ha sido enviado&#8217; link=&#8217;manually,http:\/\/&#8217; subject=\u00bb autorespond=\u00bb captcha=\u00bb hide_labels=&#8217;aviaTBhide_labels&#8217; form_align=\u00bb color=\u00bb custom_class=\u00bb admin_preview_bg=\u00bb av_uid=&#8217;av-q90sj8&#8242;]<br \/>\n[av_contact_field label=&#8217;Nombre&#8217; type=&#8217;text&#8217; options=\u00bb check=&#8217;is_empty&#8217; width=&#8217;element_half&#8217; multi_select=\u00bb av_contact_preselect=\u00bb av_uid=&#8217;av-os8pr8&#8242;][\/av_contact_field]<br \/>\n[av_contact_field label=&#8217;E-Mail&#8217; type=&#8217;text&#8217; options=\u00bb check=&#8217;is_email&#8217; width=&#8217;element_half&#8217; multi_select=\u00bb av_contact_preselect=\u00bb av_uid=&#8217;av-n26pdg&#8217;][\/av_contact_field]<br \/>\n[av_contact_field label=&#8217;Asunto&#8217; type=&#8217;text&#8217; options=\u00bb check=&#8217;is_empty&#8217; width=\u00bb multi_select=\u00bb av_contact_preselect=\u00bb av_uid=&#8217;av-kmghdw&#8217;][\/av_contact_field]<br \/>\n[av_contact_field label=&#8217;Mensaje&#8217; type=&#8217;textarea&#8217; options=\u00bb check=&#8217;is_empty&#8217; width=\u00bb multi_select=\u00bb av_contact_preselect=\u00bb av_uid=&#8217;av-j9n5hw&#8217;][\/av_contact_field]<br \/>\n[av_contact_field label=&#8217;He le\u00eddo y acepto los t\u00e9rminos y condiciones&#8217; type=&#8217;checkbox&#8217; options=\u00bb check=&#8217;is_empty&#8217; width=&#8217;element_half&#8217; multi_select=\u00bb av_contact_preselect=\u00bb av_uid=&#8217;av-hiyf7o&#8217;][\/av_contact_field]<br \/>\n[\/av_contact]<\/p>\n<p>[av_textblock size=\u00bb font_color=&#8217;custom&#8217; color=&#8217;#ffffff&#8217; av-medium-font-size=\u00bb av-small-font-size=\u00bb av-mini-font-size=\u00bb custom_class=\u00bb admin_preview_bg=&#8217;rgb(34, 34, 34)&#8217; av_uid=&#8217;av-fdhpp0&#8242;]<\/p>\n<p style=\"text-align: center;\">\u00a0Nuestro equipo de atenci\u00f3n al cliente le responder\u00e1. \ud83d\ude42<\/p>\n<p>[\/av_textblock]<\/p>\n<p>[\/av_three_fifth][av_one_fifth min_height=\u00bb vertical_alignment=&#8217;av-align-top&#8217; space=\u00bb margin=&#8217;0px&#8217; margin_sync=&#8217;true&#8217; padding=&#8217;0px&#8217; padding_sync=&#8217;true&#8217; border=\u00bb border_color=\u00bb radius=&#8217;0px&#8217; radius_sync=&#8217;true&#8217; background_color=\u00bb src=\u00bb attachment=\u00bb attachment_size=\u00bb background_position=&#8217;top left&#8217; background_repeat=&#8217;no-repeat&#8217; animation=&#8217;fade-in&#8217; mobile_display=\u00bb av_uid=&#8217;av-e92t5g&#8217;]<\/p>\n<p>[\/av_one_fifth]<br \/>\n[\/av_section]<\/p>\n<p>[av_layout_row border=\u00bb min_height_percent=\u00bb min_height=&#8217;0&#8242; color=&#8217;main_color&#8217; mobile=&#8217;av-flex-cells&#8217; id=&#8217;3 col intro&#8217; av_element_hidden_in_editor=&#8217;0&#8242; av_uid=&#8217;av-c5prec&#8217;]<\/p>\n<p>[av_cell_one_third vertical_align=&#8217;middle&#8217; padding=&#8217;50px,50px,50px,50px&#8217; background_color=\u00bb src=\u00bb attachment=\u00bb attachment_size=\u00bb background_attachment=&#8217;scroll&#8217; background_position=&#8217;top left&#8217; background_repeat=&#8217;no-repeat&#8217; mobile_display=\u00bb custom_class=\u00bb av_uid=&#8217;av-anwtgk&#8217;]<\/p>\n<p>[av_icon_box position=&#8217;left_content&#8217; icon_style=&#8217;av-icon-style-no-border&#8217; boxed=\u00bb icon=&#8217;ue83c&#8217; font=&#8217;entypo-fontello&#8217; title=&#8217;Sugerencias&#8217; link=\u00bb linktarget=\u00bb linkelement=\u00bb font_color=&#8217;custom&#8217; custom_title=\u00bb custom_content=\u00bb color=&#8217;custom&#8217; custom_bg=\u00bb custom_font=&#8217;#ba3232&#8242; custom_border=\u00bb av-medium-font-size-title=\u00bb av-small-font-size-title=\u00bb av-mini-font-size-title=\u00bb av-medium-font-size=\u00bb av-small-font-size=\u00bb av-mini-font-size=\u00bb av_uid=&#8217;av-911h5w&#8217; custom_class=\u00bb admin_preview_bg=&#8217;rgb(255, 255, 255)&#8217;]<br \/>\n\u00bfTe gusta nuestra p\u00e1gina? \u00bfMejorar\u00edas alguna parte? \u00bfNo encuentras los formatos que quieres de nuestros productos? Estar\u00edamos muy agradecidos de sus sugerencias.<br \/>\n[\/av_icon_box]<\/p>\n<p>[\/av_cell_one_third][av_cell_one_third vertical_align=&#8217;middle&#8217; padding=&#8217;50px&#8217; padding_sync=&#8217;true&#8217; background_color=\u00bb src=\u00bb attachment=\u00bb attachment_size=\u00bb background_attachment=&#8217;scroll&#8217; background_position=&#8217;top left&#8217; background_repeat=&#8217;no-repeat&#8217; mobile_display=\u00bb custom_class=\u00bb av_uid=&#8217;av-71aqro&#8217;]<\/p>\n<p>[av_icon_box position=&#8217;left_content&#8217; icon_style=&#8217;av-icon-style-no-border&#8217; boxed=\u00bb icon=&#8217;ue81d&#8217; font=&#8217;entypo-fontello&#8217; title=&#8217;Dudas&#8217; link=\u00bb linktarget=\u00bb linkelement=\u00bb font_color=&#8217;custom&#8217; custom_title=&#8217;#ba3232&#8242; custom_content=\u00bb color=&#8217;custom&#8217; custom_bg=\u00bb custom_font=&#8217;#565656&#8242; custom_border=\u00bb av-medium-font-size-title=\u00bb av-small-font-size-title=\u00bb av-mini-font-size-title=\u00bb av-medium-font-size=\u00bb av-small-font-size=\u00bb av-mini-font-size=\u00bb av_uid=&#8217;av-5wb1ro&#8217; custom_class=\u00bb admin_preview_bg=&#8217;rgb(255, 255, 255)&#8217;]<br \/>\n\u00bfTienes dudas de nuestros productos ?, \u00bfno sabes c\u00f3mo pedirlos? \u00bfQuieres saber m\u00e1s de nosotros? Escr\u00edbenos o ll\u00e1manos por tel\u00e9fono, te atenderemos gustosamente.<br \/>\n[\/av_icon_box]<\/p>\n<p>[\/av_cell_one_third][av_cell_one_third vertical_align=&#8217;middle&#8217; padding=&#8217;50px&#8217; padding_sync=&#8217;true&#8217; background_color=\u00bb src=\u00bb attachment=\u00bb attachment_size=\u00bb background_attachment=&#8217;scroll&#8217; background_position=&#8217;top left&#8217; background_repeat=&#8217;no-repeat&#8217; mobile_display=\u00bb custom_class=\u00bb av_uid=&#8217;av-47447o&#8217;]<\/p>\n<p>[av_icon_box position=&#8217;left_content&#8217; icon_style=&#8217;av-icon-style-no-border&#8217; boxed=\u00bb icon=&#8217;ue80b&#8217; font=&#8217;entypo-fontello&#8217; title=&#8217;Colaboraciones&#8217; link=\u00bb linktarget=\u00bb linkelement=\u00bb font_color=\u00bb custom_title=\u00bb custom_content=\u00bb color=&#8217;custom&#8217; custom_bg=\u00bb custom_font=&#8217;#ba3232&#8242; custom_border=\u00bb av-medium-font-size-title=\u00bb av-small-font-size-title=\u00bb av-mini-font-size-title=\u00bb av-medium-font-size=\u00bb av-small-font-size=\u00bb av-mini-font-size=\u00bb av_uid=&#8217;av-22z7dg&#8217; custom_class=\u00bb admin_preview_bg=&#8217;rgb(255, 255, 255)&#8217;]<br \/>\n\u00bfQuieres colaborar con nosotros? \u00bfEres un sponsor? \u00bfO bien conoces el mercado y quieres ayudarnos? Estamos dispuestos a escuchar cualquier propuesta.<br \/>\n[\/av_icon_box]<\/p>\n<p>[\/av_cell_one_third][\/av_layout_row]<\/p>\n","protected":false},"excerpt":{"rendered":"<p>[av_section min_height=\u00bb min_height_px=&#8217;500px&#8217; padding=&#8217;huge&#8217; shadow=&#8217;no-shadow&#8217; bottom_border=&#8217;no-border-styling&#8217; bottom_border_diagonal_color=&#8217;#333333&#8242; bottom_border_diagonal_direction=\u00bb bottom_border_style=\u00bb custom_arrow_bg=\u00bb id=&#8217;Newsletter&#8217; color=&#8217;main_color&#8217; custom_bg=\u00bb src=&#8217;http:\/\/monserratalmazan.com\/wp-content\/uploads\/2018\/03\/adcellpack_pruebas_envasado-ok.jpg&#8217; attachment=&#8217;3975&#8242; attachment_size=&#8217;full&#8217; attach=&#8217;fixed&#8217; position=&#8217;center center&#8217; repeat=&#8217;stretch&#8217; video=\u00bb video_ratio=&#8217;16:9&#8242; overlay_enable=&#8217;aviaTBoverlay_enable&#8217; overlay_opacity=&#8217;0.4&#8242; overlay_color=&#8217;#35383c&#8217; overlay_pattern=\u00bb overlay_custom_pattern=\u00bb av_element_hidden_in_editor=&#8217;0&#8242; custom_class=\u00bb av_uid=&#8217;av-w7fuc4&#8242;] [av_heading heading=&#8217;Por favor no dude en contactar con nosotros en cualquier momento.&#8217; tag=&#8217;h1&#8242; style=&#8217;blockquote modern-quote modern-centered&#8217; size=\u00bb subheading_active=\u00bb subheading_size=&#8217;15&#8217; padding=&#8217;40&#8217; color=&#8217;custom-color-heading&#8217; custom_font=&#8217;#ffffff&#8217; av-medium-font-size-title=\u00bb av-small-font-size-title=\u00bb av-mini-font-size-title=\u00bb [&hellip;]<\/p>\n","protected":false},"author":1,"featured_media":0,"parent":0,"menu_order":0,"comment_status":"closed","ping_status":"closed","template":"","meta":{"footnotes":""},"class_list":["post-5380","page","type-page","status-publish","hentry"],"_links":{"self":[{"href":"https:\/\/monserratalmazan.com\/es\/wp-json\/wp\/v2\/pages\/5380","targetHints":{"allow":["GET"]}}],"collection":[{"href":"https:\/\/monserratalmazan.com\/es\/wp-json\/wp\/v2\/pages"}],"about":[{"href":"https:\/\/monserratalmazan.com\/es\/wp-json\/wp\/v2\/types\/page"}],"author":[{"embeddable":true,"href":"https:\/\/monserratalmazan.com\/es\/wp-json\/wp\/v2\/users\/1"}],"replies":[{"embeddable":true,"href":"https:\/\/monserratalmazan.com\/es\/wp-json\/wp\/v2\/comments?post=5380"}],"version-history":[{"count":0,"href":"https:\/\/monserratalmazan.com\/es\/wp-json\/wp\/v2\/pages\/5380\/revisions"}],"wp:attachment":[{"href":"https:\/\/monserratalmazan.com\/es\/wp-json\/wp\/v2\/media?parent=5380"}],"curies":[{"name":"wp","href":"https:\/\/api.w.org\/{rel}","templated":true}]}}